{"id":1381,"date":"2023-12-19T10:41:38","date_gmt":"2023-12-19T10:41:38","guid":{"rendered":"https:\/\/minutadoposla.com\/?page_id=1381"},"modified":"2023-12-29T14:02:41","modified_gmt":"2023-12-29T14:02:41","slug":"zahtjev","status":"publish","type":"page","link":"https:\/\/minutadoposla.com\/en\/companies\/outplacement-and-career-transition\/linkedin-profile-optimisation-request\/","title":{"rendered":"Zahtjev"},"content":{"rendered":"<div data-elementor-type=\"wp-page\" data-elementor-id=\"1381\" class=\"elementor elementor-1381\" data-elementor-post-type=\"page\">\n\t\t\t\t\t\t<section class=\"elementor-section elementor-top-section elementor-element elementor-element-2f893f6 elementor-section-boxed elementor-section-height-default elementor-section-height-default\" data-id=\"2f893f6\" data-element_type=\"section\">\n\t\t\t\t\t\t<div class=\"elementor-container elementor-column-gap-default\">\n\t\t\t\t\t<div class=\"elementor-column elementor-col-50 elementor-top-column elementor-element elementor-element-285e07a\" data-id=\"285e07a\" data-element_type=\"column\">\n\t\t\t<div class=\"elementor-widget-wrap elementor-element-populated\">\n\t\t\t\t\t\t<div class=\"elementor-element elementor-element-f3cc39e elementor-widget elementor-widget-heading\" data-id=\"f3cc39e\" data-element_type=\"widget\" data-widget_type=\"heading.default\">\n\t\t\t\t<div class=\"elementor-widget-container\">\n\t\t\t\t\t<h1 class=\"elementor-heading-title elementor-size-default\">Outplacement Request 2024<\/h1>\t\t\t\t<\/div>\n\t\t\t\t<\/div>\n\t\t\t\t<div class=\"elementor-element elementor-element-344dfbd elementor-widget elementor-widget-text-editor\" data-id=\"344dfbd\" data-element_type=\"widget\" data-widget_type=\"text-editor.default\">\n\t\t\t\t<div class=\"elementor-widget-container\">\n\t\t\t\t\t\t\t\t\t<p><span style=\"font-weight: 400;\">Job hunting is challenging for everyone. However, it's especially daunting for those who haven't been in a job search situation for years and simply don't know where to begin.<\/span><\/p><p><span style=\"font-weight: 400;\">If you want to empower your former employees after layoffs, we've prepared a range of programs that we can work on together to help ease their re-entry into the job market.<\/span><\/p>\t\t\t\t\t\t\t\t<\/div>\n\t\t\t\t<\/div>\n\t\t\t\t<div class=\"elementor-element elementor-element-9b9ecab elementor-button-align-stretch elementor-widget elementor-widget-form\" data-id=\"9b9ecab\" data-element_type=\"widget\" data-settings=\"{&quot;step_next_label&quot;:&quot;\\u0421\\u043b\\u0435\\u0434\\u0435\\u045b\\u0438&quot;,&quot;step_previous_label&quot;:&quot;\\u041f\\u0440\\u0435\\u0442\\u0445\\u043e\\u0434\\u043d\\u0430&quot;,&quot;button_width&quot;:&quot;100&quot;,&quot;step_type&quot;:&quot;number_text&quot;,&quot;step_icon_shape&quot;:&quot;circle&quot;}\" data-widget_type=\"form.default\">\n\t\t\t\t<div class=\"elementor-widget-container\">\n\t\t\t\t\t\t\t<form class=\"elementor-form\" method=\"post\" name=\"Zahtjev Outplacement\" action=\"\">\n\t\t\t<input type=\"hidden\" name=\"post_id\" value=\"1381\"\/>\n\t\t\t<input type=\"hidden\" name=\"form_id\" value=\"9b9ecab\"\/>\n\t\t\t<input type=\"hidden\" name=\"referer_title\" value=\"\" \/>\n\n\t\t\t\n\t\t\t<div class=\"elementor-form-fields-wrapper elementor-labels-above\">\n\t\t\t\t\t\t\t\t<div class=\"elementor-field-type-text elementor-field-group elementor-column elementor-field-group-name elementor-col-50 elementor-field-required\">\n\t\t\t\t\t\t\t\t\t\t\t\t<label for=\"form-field-name\" class=\"elementor-field-label\">\n\t\t\t\t\t\t\t\tCompany Name:\t\t\t\t\t\t\t<\/label>\n\t\t\t\t\t\t\t\t\t\t\t\t\t\t<input size=\"1\" type=\"text\" name=\"form_fields[name]\" id=\"form-field-name\" class=\"elementor-field elementor-size-sm  elementor-field-textual\" required=\"required\">\n\t\t\t\t\t\t\t\t\t\t\t<\/div>\n\t\t\t\t\t\t\t\t<div class=\"elementor-field-type-text elementor-field-group elementor-column elementor-field-group-field_8c9ebc6 elementor-col-50 elementor-field-required\">\n\t\t\t\t\t\t\t\t\t\t\t\t<label for=\"form-field-field_8c9ebc6\" class=\"elementor-field-label\">\n\t\t\t\t\t\t\t\tIndustry:\t\t\t\t\t\t\t<\/label>\n\t\t\t\t\t\t\t\t\t\t\t\t\t\t<input size=\"1\" type=\"text\" name=\"form_fields[field_8c9ebc6]\" id=\"form-field-field_8c9ebc6\" class=\"elementor-field elementor-size-sm  elementor-field-textual\" required=\"required\">\n\t\t\t\t\t\t\t\t\t\t\t<\/div>\n\t\t\t\t\t\t\t\t<div class=\"elementor-field-type-text elementor-field-group elementor-column elementor-field-group-field_e12ff8c elementor-col-50 elementor-field-required\">\n\t\t\t\t\t\t\t\t\t\t\t\t<label for=\"form-field-field_e12ff8c\" class=\"elementor-field-label\">\n\t\t\t\t\t\t\t\tWebsite:\t\t\t\t\t\t\t<\/label>\n\t\t\t\t\t\t\t\t\t\t\t\t\t\t<input size=\"1\" type=\"text\" name=\"form_fields[field_e12ff8c]\" id=\"form-field-field_e12ff8c\" class=\"elementor-field elementor-size-sm  elementor-field-textual\" required=\"required\">\n\t\t\t\t\t\t\t\t\t\t\t<\/div>\n\t\t\t\t\t\t\t\t<div class=\"elementor-field-type-text elementor-field-group elementor-column elementor-field-group-field_029dfc9 elementor-col-50 elementor-field-required\">\n\t\t\t\t\t\t\t\t\t\t\t\t<label for=\"form-field-field_029dfc9\" class=\"elementor-field-label\">\n\t\t\t\t\t\t\t\tYour Full Name:\t\t\t\t\t\t\t<\/label>\n\t\t\t\t\t\t\t\t\t\t\t\t\t\t<input size=\"1\" type=\"text\" name=\"form_fields[field_029dfc9]\" id=\"form-field-field_029dfc9\" class=\"elementor-field elementor-size-sm  elementor-field-textual\" required=\"required\">\n\t\t\t\t\t\t\t\t\t\t\t<\/div>\n\t\t\t\t\t\t\t\t<div class=\"elementor-field-type-email elementor-field-group elementor-column elementor-field-group-email elementor-col-100 elementor-field-required\">\n\t\t\t\t\t\t\t\t\t\t\t\t<label for=\"form-field-email\" class=\"elementor-field-label\">\n\t\t\t\t\t\t\t\tEmail Address:\t\t\t\t\t\t\t<\/label>\n\t\t\t\t\t\t\t\t\t\t\t\t\t\t<input size=\"1\" type=\"email\" name=\"form_fields[email]\" id=\"form-field-email\" class=\"elementor-field elementor-size-sm  elementor-field-textual\" required=\"required\">\n\t\t\t\t\t\t\t\t\t\t\t<\/div>\n\t\t\t\t\t\t\t\t<div class=\"elementor-field-type-text elementor-field-group elementor-column elementor-field-group-field_29eb075 elementor-col-100 elementor-field-required\">\n\t\t\t\t\t\t\t\t\t\t\t\t<label for=\"form-field-field_29eb075\" class=\"elementor-field-label\">\n\t\t\t\t\t\t\t\tYour position in the company:\t\t\t\t\t\t\t<\/label>\n\t\t\t\t\t\t\t\t\t\t\t\t\t\t<input size=\"1\" type=\"text\" name=\"form_fields[field_29eb075]\" id=\"form-field-field_29eb075\" class=\"elementor-field elementor-size-sm  elementor-field-textual\" required=\"required\">\n\t\t\t\t\t\t\t\t\t\t\t<\/div>\n\t\t\t\t\t\t\t\t<div class=\"elementor-field-type-checkbox elementor-field-group elementor-column elementor-field-group-field_afd4f47 elementor-col-100\">\n\t\t\t\t\t\t\t\t\t\t\t\t<label for=\"form-field-field_afd4f47\" class=\"elementor-field-label\">\n\t\t\t\t\t\t\t\tHow many employees would you like to support:\t\t\t\t\t\t\t<\/label>\n\t\t\t\t\t\t<div class=\"elementor-field-subgroup\"><span class=\"elementor-field-option\"><input type=\"checkbox\" value=\"1-5\" id=\"form-field-field_afd4f47-0\" name=\"form_fields[field_afd4f47][]\"> <label for=\"form-field-field_afd4f47-0\">1-5<\/label><\/span><span class=\"elementor-field-option\"><input type=\"checkbox\" value=\"6-10\" id=\"form-field-field_afd4f47-1\" name=\"form_fields[field_afd4f47][]\"> <label for=\"form-field-field_afd4f47-1\">6-10<\/label><\/span><span class=\"elementor-field-option\"><input type=\"checkbox\" value=\"11+\" id=\"form-field-field_afd4f47-2\" name=\"form_fields[field_afd4f47][]\"> <label for=\"form-field-field_afd4f47-2\">11+<\/label><\/span><\/div>\t\t\t\t<\/div>\n\t\t\t\t\t\t\t\t<div class=\"elementor-field-type-textarea elementor-field-group elementor-column elementor-field-group-field_0dbfea6 elementor-col-100 elementor-field-required\">\n\t\t\t\t\t\t\t\t\t\t\t\t<label for=\"form-field-field_0dbfea6\" class=\"elementor-field-label\">\n\t\t\t\t\t\t\t\tYour Message:\t\t\t\t\t\t\t<\/label>\n\t\t\t\t\t\t<textarea class=\"elementor-field-textual elementor-field  elementor-size-sm\" name=\"form_fields[field_0dbfea6]\" id=\"form-field-field_0dbfea6\" rows=\"4\" required=\"required\"><\/textarea>\t\t\t\t<\/div>\n\t\t\t\t\t\t\t\t<div class=\"elementor-field-group elementor-column elementor-field-type-submit elementor-col-100 e-form__buttons\">\n\t\t\t\t\t<button class=\"elementor-button elementor-size-md\" type=\"submit\">\n\t\t\t\t\t\t<span class=\"elementor-button-content-wrapper\">\n\t\t\t\t\t\t\t\t\t\t\t\t\t\t\t\t\t\t\t\t\t\t<span class=\"elementor-button-text\">Send<\/span>\n\t\t\t\t\t\t\t\t\t\t\t\t\t<\/span>\n\t\t\t\t\t<\/button>\n\t\t\t\t<\/div>\n\t\t\t<\/div>\n\t\t<input type=\"hidden\" name=\"trp-form-language\" value=\"en\"\/><\/form>\n\t\t\t\t\t\t<\/div>\n\t\t\t\t<\/div>\n\t\t\t\t\t<\/div>\n\t\t<\/div>\n\t\t\t\t<div class=\"elementor-column elementor-col-50 elementor-top-column elementor-element elementor-element-d81756e\" data-id=\"d81756e\" data-element_type=\"column\">\n\t\t\t<div class=\"elementor-widget-wrap elementor-element-populated\">\n\t\t\t\t\t\t<section class=\"elementor-section elementor-inner-section elementor-element elementor-element-d0e5652 elementor-section-boxed elementor-section-height-default elementor-section-height-default\" data-id=\"d0e5652\" data-element_type=\"section\" data-settings=\"{&quot;sticky&quot;:&quot;top&quot;,&quot;sticky_offset&quot;:130,&quot;sticky_parent&quot;:&quot;yes&quot;,&quot;sticky_on&quot;:[&quot;desktop&quot;,&quot;tablet&quot;,&quot;mobile&quot;],&quot;sticky_effects_offset&quot;:0,&quot;sticky_anchor_link_offset&quot;:0}\">\n\t\t\t\t\t\t<div class=\"elementor-container elementor-column-gap-default\">\n\t\t\t\t\t<div class=\"elementor-column elementor-col-100 elementor-inner-column elementor-element elementor-element-74bbd2f\" data-id=\"74bbd2f\" data-element_type=\"column\">\n\t\t\t<div class=\"elementor-widget-wrap elementor-element-populated\">\n\t\t\t\t\t\t<div class=\"elementor-element elementor-element-00b9994 elementor-widget elementor-widget-image\" data-id=\"00b9994\" data-element_type=\"widget\" data-widget_type=\"image.default\">\n\t\t\t\t<div class=\"elementor-widget-container\">\n\t\t\t\t\t\t\t\t\t\t\t\t\t\t\t<img fetchpriority=\"high\" decoding=\"async\" width=\"1703\" height=\"2560\" src=\"https:\/\/minutadoposla.com\/wp-content\/uploads\/2023\/08\/DSC_2439-scaled.jpg\" class=\"attachment-full size-full wp-image-336\" alt=\"\" srcset=\"https:\/\/minutadoposla.com\/wp-content\/uploads\/2023\/08\/DSC_2439-scaled.jpg 1703w, https:\/\/minutadoposla.com\/wp-content\/uploads\/2023\/08\/DSC_2439-200x300.jpg 200w, https:\/\/minutadoposla.com\/wp-content\/uploads\/2023\/08\/DSC_2439-681x1024.jpg 681w, https:\/\/minutadoposla.com\/wp-content\/uploads\/2023\/08\/DSC_2439-768x1154.jpg 768w, https:\/\/minutadoposla.com\/wp-content\/uploads\/2023\/08\/DSC_2439-1022x1536.jpg 1022w, https:\/\/minutadoposla.com\/wp-content\/uploads\/2023\/08\/DSC_2439-1363x2048.jpg 1363w, https:\/\/minutadoposla.com\/wp-content\/uploads\/2023\/08\/DSC_2439-8x12.jpg 8w\" sizes=\"(max-width: 1703px) 100vw, 1703px\" \/>\t\t\t\t\t\t\t\t\t\t\t\t\t\t\t<\/div>\n\t\t\t\t<\/div>\n\t\t\t\t\t<\/div>\n\t\t<\/div>\n\t\t\t\t\t<\/div>\n\t\t<\/section>\n\t\t\t\t<div class=\"elementor-element elementor-element-dd56f75 elementor-widget__width-initial elementor-absolute elementor-widget elementor-widget-image\" data-id=\"dd56f75\" data-element_type=\"widget\" data-settings=\"{&quot;_position&quot;:&quot;absolute&quot;}\" data-widget_type=\"image.default\">\n\t\t\t\t<div class=\"elementor-widget-container\">\n\t\t\t\t\t\t\t\t\t\t\t\t\t\t\t<img decoding=\"async\" width=\"500\" height=\"500\" src=\"https:\/\/minutadoposla.com\/wp-content\/uploads\/2023\/08\/Untitled-design-2023-08-09T160054.732.png\" class=\"attachment-large size-large wp-image-81\" alt=\"\" srcset=\"https:\/\/minutadoposla.com\/wp-content\/uploads\/2023\/08\/Untitled-design-2023-08-09T160054.732.png 500w, https:\/\/minutadoposla.com\/wp-content\/uploads\/2023\/08\/Untitled-design-2023-08-09T160054.732-300x300.png 300w, https:\/\/minutadoposla.com\/wp-content\/uploads\/2023\/08\/Untitled-design-2023-08-09T160054.732-150x150.png 150w, https:\/\/minutadoposla.com\/wp-content\/uploads\/2023\/08\/Untitled-design-2023-08-09T160054.732-12x12.png 12w\" sizes=\"(max-width: 500px) 100vw, 500px\" \/>\t\t\t\t\t\t\t\t\t\t\t\t\t\t\t<\/div>\n\t\t\t\t<\/div>\n\t\t\t\t<div class=\"elementor-element elementor-element-90c5129 elementor-widget__width-initial elementor-absolute elementor-widget elementor-widget-image\" data-id=\"90c5129\" data-element_type=\"widget\" data-settings=\"{&quot;_position&quot;:&quot;absolute&quot;}\" data-widget_type=\"image.default\">\n\t\t\t\t<div class=\"elementor-widget-container\">\n\t\t\t\t\t\t\t\t\t\t\t\t\t\t\t<img decoding=\"async\" width=\"500\" height=\"500\" src=\"https:\/\/minutadoposla.com\/wp-content\/uploads\/2023\/08\/Untitled-design-2023-08-09T160034.829.png\" class=\"attachment-large size-large wp-image-82\" alt=\"\" srcset=\"https:\/\/minutadoposla.com\/wp-content\/uploads\/2023\/08\/Untitled-design-2023-08-09T160034.829.png 500w, https:\/\/minutadoposla.com\/wp-content\/uploads\/2023\/08\/Untitled-design-2023-08-09T160034.829-300x300.png 300w, https:\/\/minutadoposla.com\/wp-content\/uploads\/2023\/08\/Untitled-design-2023-08-09T160034.829-150x150.png 150w, https:\/\/minutadoposla.com\/wp-content\/uploads\/2023\/08\/Untitled-design-2023-08-09T160034.829-12x12.png 12w\" sizes=\"(max-width: 500px) 100vw, 500px\" \/>\t\t\t\t\t\t\t\t\t\t\t\t\t\t\t<\/div>\n\t\t\t\t<\/div>\n\t\t\t\t\t<\/div>\n\t\t<\/div>\n\t\t\t\t\t<\/div>\n\t\t<\/section>\n\t\t\t\t<\/div>","protected":false},"excerpt":{"rendered":"<p>Zahtjev za outplacement 2024 Tra\u017eenje posla nikome ne pada lako. Ipak, najte\u017ee pada onima koji ve\u0107 godinama nisu bili u situaciji da tra\u017ee posao i naprosto ne znaju odakle da krenu. Ako \u017eelite da osna\u017eite svoje biv\u0161e zaposlene nakon otkaza, spremili smo niz programa koje mo\u017eemo da radimo zajedno, kako bismo im olak\u0161ali ponovni izlazak [&hellip;]<\/p>","protected":false},"author":2,"featured_media":0,"parent":95,"menu_order":0,"comment_status":"closed","ping_status":"closed","template":"","meta":{"inline_featured_image":false,"order-bump-settings":[],"_wpfnl_thankyou_order_overview":"on","_wpfnl_thankyou_order_details":"on","_wpfnl_thankyou_billing_details":"on","_wpfnl_thankyou_shipping_details":"on","footnotes":""},"class_list":["post-1381","page","type-page","status-publish","hentry"],"jetpack_sharing_enabled":true,"_links":{"self":[{"href":"https:\/\/minutadoposla.com\/en\/wp-json\/wp\/v2\/pages\/1381","targetHints":{"allow":["GET"]}}],"collection":[{"href":"https:\/\/minutadoposla.com\/en\/wp-json\/wp\/v2\/pages"}],"about":[{"href":"https:\/\/minutadoposla.com\/en\/wp-json\/wp\/v2\/types\/page"}],"author":[{"embeddable":true,"href":"https:\/\/minutadoposla.com\/en\/wp-json\/wp\/v2\/users\/2"}],"replies":[{"embeddable":true,"href":"https:\/\/minutadoposla.com\/en\/wp-json\/wp\/v2\/comments?post=1381"}],"version-history":[{"count":7,"href":"https:\/\/minutadoposla.com\/en\/wp-json\/wp\/v2\/pages\/1381\/revisions"}],"predecessor-version":[{"id":1432,"href":"https:\/\/minutadoposla.com\/en\/wp-json\/wp\/v2\/pages\/1381\/revisions\/1432"}],"up":[{"embeddable":true,"href":"https:\/\/minutadoposla.com\/en\/wp-json\/wp\/v2\/pages\/95"}],"wp:attachment":[{"href":"https:\/\/minutadoposla.com\/en\/wp-json\/wp\/v2\/media?parent=1381"}],"curies":[{"name":"wp","href":"https:\/\/api.w.org\/{rel}","templated":true}]}}