{"id":2181,"date":"2024-09-02T18:10:22","date_gmt":"2024-09-02T18:10:22","guid":{"rendered":"https:\/\/minutadoposla.com\/?page_id=2181"},"modified":"2024-09-02T18:14:32","modified_gmt":"2024-09-02T18:14:32","slug":"zahtjev-za-izradu-cv-a","status":"publish","type":"page","link":"https:\/\/minutadoposla.com\/en\/jobseekers\/zahtjev-za-izradu-cv-a\/","title":{"rendered":"Zahtjev za izradu CV-a"},"content":{"rendered":"<div data-elementor-type=\"wp-page\" data-elementor-id=\"2181\" class=\"elementor elementor-2181\" data-elementor-post-type=\"page\">\n\t\t\t\t\t\t<section class=\"elementor-section elementor-top-section elementor-element elementor-element-6421626b elementor-section-boxed elementor-section-height-default elementor-section-height-default\" data-id=\"6421626b\" data-element_type=\"section\">\n\t\t\t\t\t\t<div class=\"elementor-container elementor-column-gap-default\">\n\t\t\t\t\t<div class=\"elementor-column elementor-col-50 elementor-top-column elementor-element elementor-element-1b42b8a5\" data-id=\"1b42b8a5\" data-element_type=\"column\">\n\t\t\t<div class=\"elementor-widget-wrap elementor-element-populated\">\n\t\t\t\t\t\t<div class=\"elementor-element elementor-element-109a0962 elementor-widget elementor-widget-heading\" data-id=\"109a0962\" data-element_type=\"widget\" data-widget_type=\"heading.default\">\n\t\t\t\t<div class=\"elementor-widget-container\">\n\t\t\t\t\t<h1 class=\"elementor-heading-title elementor-size-default\">Zahtjev za izradu CV-a<\/h1>\t\t\t\t<\/div>\n\t\t\t\t<\/div>\n\t\t\t\t<div class=\"elementor-element elementor-element-41d2d9c0 elementor-widget elementor-widget-text-editor\" data-id=\"41d2d9c0\" data-element_type=\"widget\" data-widget_type=\"text-editor.default\">\n\t\t\t\t<div class=\"elementor-widget-container\">\n\t\t\t\t\t\t\t\t\t<div title=\"Based on the neuroscience\"><div><div><div><p><span style=\"font-weight: 400;\">\u010cim ste ovdje vjerovatno tra\u017eite ili mijenjate posao, i treba vam novi CV! <\/span><\/p><p><span style=\"font-weight: 400;\">Ne brinite, zato smo mi tu! <\/span><\/p><p>Ne morate da razmi\u0161ljate \u0161ta treba da uklju\u010dite \u2013 mi znamo \u0161ta poslodavci tra\u017ee. Zato preuzimamo sav posao, tako da mo\u017eete da se fokusirate na ono \u0161to zaista volite \ud83d\ude42<\/p><p>Please fill out the short questionnaire below, and someone from our team will contact you as soon as possible.<\/p><\/div><\/div><\/div><\/div>\t\t\t\t\t\t\t\t<\/div>\n\t\t\t\t<\/div>\n\t\t\t\t<div class=\"elementor-element elementor-element-2f8ae41b elementor-button-align-stretch elementor-widget elementor-widget-form\" data-id=\"2f8ae41b\" data-element_type=\"widget\" data-settings=\"{&quot;step_next_label&quot;:&quot;\\u0421\\u043b\\u0435\\u0434\\u0435\\u045b\\u0438&quot;,&quot;step_previous_label&quot;:&quot;\\u041f\\u0440\\u0435\\u0442\\u0445\\u043e\\u0434\\u043d\\u0430&quot;,&quot;button_width&quot;:&quot;100&quot;,&quot;step_type&quot;:&quot;number_text&quot;,&quot;step_icon_shape&quot;:&quot;circle&quot;}\" data-widget_type=\"form.default\">\n\t\t\t\t<div class=\"elementor-widget-container\">\n\t\t\t\t\t\t\t<form class=\"elementor-form\" method=\"post\" name=\"Tra\u017eenje posla zahtjev\" action=\"\">\n\t\t\t<input type=\"hidden\" name=\"post_id\" value=\"2181\"\/>\n\t\t\t<input type=\"hidden\" name=\"form_id\" value=\"2f8ae41b\"\/>\n\t\t\t<input type=\"hidden\" name=\"referer_title\" value=\"\" \/>\n\n\t\t\t\n\t\t\t<div class=\"elementor-form-fields-wrapper elementor-labels-above\">\n\t\t\t\t\t\t\t\t<div class=\"elementor-field-type-text elementor-field-group elementor-column elementor-field-group-name elementor-col-50 elementor-field-required\">\n\t\t\t\t\t\t\t\t\t\t\t\t<label for=\"form-field-name\" class=\"elementor-field-label\">\n\t\t\t\t\t\t\t\tName:\t\t\t\t\t\t\t<\/label>\n\t\t\t\t\t\t\t\t\t\t\t\t\t\t<input size=\"1\" type=\"text\" name=\"form_fields[name]\" id=\"form-field-name\" class=\"elementor-field elementor-size-sm  elementor-field-textual\" required=\"required\">\n\t\t\t\t\t\t\t\t\t\t\t<\/div>\n\t\t\t\t\t\t\t\t<div class=\"elementor-field-type-text elementor-field-group elementor-column elementor-field-group-field_8c9ebc6 elementor-col-50 elementor-field-required\">\n\t\t\t\t\t\t\t\t\t\t\t\t<label for=\"form-field-field_8c9ebc6\" class=\"elementor-field-label\">\n\t\t\t\t\t\t\t\tLast Name:\t\t\t\t\t\t\t<\/label>\n\t\t\t\t\t\t\t\t\t\t\t\t\t\t<input size=\"1\" type=\"text\" name=\"form_fields[field_8c9ebc6]\" id=\"form-field-field_8c9ebc6\" class=\"elementor-field elementor-size-sm  elementor-field-textual\" required=\"required\">\n\t\t\t\t\t\t\t\t\t\t\t<\/div>\n\t\t\t\t\t\t\t\t<div class=\"elementor-field-type-text elementor-field-group elementor-column elementor-field-group-field_e12ff8c elementor-col-50 elementor-field-required\">\n\t\t\t\t\t\t\t\t\t\t\t\t<label for=\"form-field-field_e12ff8c\" class=\"elementor-field-label\">\n\t\t\t\t\t\t\t\tPhone Number:\t\t\t\t\t\t\t<\/label>\n\t\t\t\t\t\t\t\t\t\t\t\t\t\t<input size=\"1\" type=\"text\" name=\"form_fields[field_e12ff8c]\" id=\"form-field-field_e12ff8c\" class=\"elementor-field elementor-size-sm  elementor-field-textual\" required=\"required\">\n\t\t\t\t\t\t\t\t\t\t\t<\/div>\n\t\t\t\t\t\t\t\t<div class=\"elementor-field-type-email elementor-field-group elementor-column elementor-field-group-email elementor-col-50 elementor-field-required\">\n\t\t\t\t\t\t\t\t\t\t\t\t<label for=\"form-field-email\" class=\"elementor-field-label\">\n\t\t\t\t\t\t\t\tEmail Address:\t\t\t\t\t\t\t<\/label>\n\t\t\t\t\t\t\t\t\t\t\t\t\t\t<input size=\"1\" type=\"email\" name=\"form_fields[email]\" id=\"form-field-email\" class=\"elementor-field elementor-size-sm  elementor-field-textual\" required=\"required\">\n\t\t\t\t\t\t\t\t\t\t\t<\/div>\n\t\t\t\t\t\t\t\t<div class=\"elementor-field-type-checkbox elementor-field-group elementor-column elementor-field-group-field_afd4f47 elementor-col-66\">\n\t\t\t\t\t\t\t\t\t\t\t\t<label for=\"form-field-field_afd4f47\" class=\"elementor-field-label\">\n\t\t\t\t\t\t\t\tHow did you hear about Minuta do posla agency?\t\t\t\t\t\t\t<\/label>\n\t\t\t\t\t\t<div class=\"elementor-field-subgroup\"><span class=\"elementor-field-option\"><input type=\"checkbox\" value=\"Google\" id=\"form-field-field_afd4f47-0\" name=\"form_fields[field_afd4f47][]\"> <label for=\"form-field-field_afd4f47-0\">on Google Search<\/label><\/span><span class=\"elementor-field-option\"><input type=\"checkbox\" value=\"Facebook\" id=\"form-field-field_afd4f47-1\" name=\"form_fields[field_afd4f47][]\"> <label for=\"form-field-field_afd4f47-1\">Facebook<\/label><\/span><span class=\"elementor-field-option\"><input type=\"checkbox\" value=\"Instagram\" id=\"form-field-field_afd4f47-2\" name=\"form_fields[field_afd4f47][]\"> <label for=\"form-field-field_afd4f47-2\">Instagram<\/label><\/span><span class=\"elementor-field-option\"><input type=\"checkbox\" value=\"Linkedin\" id=\"form-field-field_afd4f47-3\" name=\"form_fields[field_afd4f47][]\"> <label for=\"form-field-field_afd4f47-3\">Linkedin<\/label><\/span><span class=\"elementor-field-option\"><input type=\"checkbox\" value=\"Preporuka prijatelja\" id=\"form-field-field_afd4f47-4\" name=\"form_fields[field_afd4f47][]\"> <label for=\"form-field-field_afd4f47-4\">Friend recommendation<\/label><\/span><span class=\"elementor-field-option\"><input type=\"checkbox\" value=\"Radionica\" id=\"form-field-field_afd4f47-5\" name=\"form_fields[field_afd4f47][]\"> <label for=\"form-field-field_afd4f47-5\">Workshop<\/label><\/span><span class=\"elementor-field-option\"><input type=\"checkbox\" value=\"Li\u010dno poznanstvo\" id=\"form-field-field_afd4f47-6\" name=\"form_fields[field_afd4f47][]\"> <label for=\"form-field-field_afd4f47-6\">Li\u010dno poznanstvo<\/label><\/span><span class=\"elementor-field-option\"><input type=\"checkbox\" value=\"Ne\u0161to drugo\" id=\"form-field-field_afd4f47-7\" name=\"form_fields[field_afd4f47][]\"> <label for=\"form-field-field_afd4f47-7\">Something else<\/label><\/span><\/div>\t\t\t\t<\/div>\n\t\t\t\t\t\t\t\t<div class=\"elementor-field-type-checkbox elementor-field-group elementor-column elementor-field-group-field_7f9b267 elementor-col-100\">\n\t\t\t\t\t\t\t\t\t\t\t\t<label for=\"form-field-field_7f9b267\" class=\"elementor-field-label\">\n\t\t\t\t\t\t\t\tKoliko godina iskustva imate?\t\t\t\t\t\t\t<\/label>\n\t\t\t\t\t\t<div class=\"elementor-field-subgroup\"><span class=\"elementor-field-option\"><input type=\"checkbox\" value=\"0-2\" id=\"form-field-field_7f9b267-0\" name=\"form_fields[field_7f9b267][]\"> <label for=\"form-field-field_7f9b267-0\">0-2<\/label><\/span><span class=\"elementor-field-option\"><input type=\"checkbox\" value=\"2-6\" id=\"form-field-field_7f9b267-1\" name=\"form_fields[field_7f9b267][]\"> <label for=\"form-field-field_7f9b267-1\">2-6<\/label><\/span><span class=\"elementor-field-option\"><input type=\"checkbox\" value=\"6+\" id=\"form-field-field_7f9b267-2\" name=\"form_fields[field_7f9b267][]\"> <label for=\"form-field-field_7f9b267-2\">6+<\/label><\/span><\/div>\t\t\t\t<\/div>\n\t\t\t\t\t\t\t\t<div class=\"elementor-field-type-text elementor-field-group elementor-column elementor-field-group-field_db0b462 elementor-col-100 elementor-field-required\">\n\t\t\t\t\t\t\t\t\t\t\t\t<label for=\"form-field-field_db0b462\" class=\"elementor-field-label\">\n\t\t\t\t\t\t\t\tWhat motivates you to improve your CV\/LinkedIn\/cover letter at this moment? \t\t\t\t\t\t\t<\/label>\n\t\t\t\t\t\t\t\t\t\t\t\t\t\t<input size=\"1\" type=\"text\" name=\"form_fields[field_db0b462]\" id=\"form-field-field_db0b462\" class=\"elementor-field elementor-size-sm  elementor-field-textual\" required=\"required\">\n\t\t\t\t\t\t\t\t\t\t\t<\/div>\n\t\t\t\t\t\t\t\t<div class=\"elementor-field-type-text elementor-field-group elementor-column elementor-field-group-field_b5b35b1 elementor-col-100 elementor-field-required\">\n\t\t\t\t\t\t\t\t\t\t\t\t<label for=\"form-field-field_b5b35b1\" class=\"elementor-field-label\">\n\t\t\t\t\t\t\t\tDo you have any other questions or information you would like to share with us?\t\t\t\t\t\t\t<\/label>\n\t\t\t\t\t\t\t\t\t\t\t\t\t\t<input size=\"1\" type=\"text\" name=\"form_fields[field_b5b35b1]\" id=\"form-field-field_b5b35b1\" class=\"elementor-field elementor-size-sm  elementor-field-textual\" required=\"required\">\n\t\t\t\t\t\t\t\t\t\t\t<\/div>\n\t\t\t\t\t\t\t\t<div class=\"elementor-field-group elementor-column elementor-field-type-submit elementor-col-100 e-form__buttons\">\n\t\t\t\t\t<button class=\"elementor-button elementor-size-md\" type=\"submit\">\n\t\t\t\t\t\t<span class=\"elementor-button-content-wrapper\">\n\t\t\t\t\t\t\t\t\t\t\t\t\t\t\t\t\t\t\t\t\t\t<span class=\"elementor-button-text\">Send<\/span>\n\t\t\t\t\t\t\t\t\t\t\t\t\t<\/span>\n\t\t\t\t\t<\/button>\n\t\t\t\t<\/div>\n\t\t\t<\/div>\n\t\t<input type=\"hidden\" name=\"trp-form-language\" value=\"en\"\/><\/form>\n\t\t\t\t\t\t<\/div>\n\t\t\t\t<\/div>\n\t\t\t\t\t<\/div>\n\t\t<\/div>\n\t\t\t\t<div class=\"elementor-column elementor-col-50 elementor-top-column elementor-element elementor-element-6ea681f7\" data-id=\"6ea681f7\" data-element_type=\"column\">\n\t\t\t<div class=\"elementor-widget-wrap elementor-element-populated\">\n\t\t\t\t\t\t<section class=\"elementor-section elementor-inner-section elementor-element elementor-element-1761cac7 elementor-section-boxed elementor-section-height-default elementor-section-height-default\" data-id=\"1761cac7\" data-element_type=\"section\" data-settings=\"{&quot;sticky&quot;:&quot;top&quot;,&quot;sticky_offset&quot;:130,&quot;sticky_parent&quot;:&quot;yes&quot;,&quot;sticky_on&quot;:[&quot;desktop&quot;,&quot;tablet&quot;,&quot;mobile&quot;],&quot;sticky_effects_offset&quot;:0,&quot;sticky_anchor_link_offset&quot;:0}\">\n\t\t\t\t\t\t<div class=\"elementor-container elementor-column-gap-default\">\n\t\t\t\t\t<div class=\"elementor-column elementor-col-100 elementor-inner-column elementor-element elementor-element-242cd7c1\" data-id=\"242cd7c1\" data-element_type=\"column\">\n\t\t\t<div class=\"elementor-widget-wrap elementor-element-populated\">\n\t\t\t\t\t\t<div class=\"elementor-element elementor-element-75988dba elementor-widget elementor-widget-image\" data-id=\"75988dba\" data-element_type=\"widget\" data-widget_type=\"image.default\">\n\t\t\t\t<div class=\"elementor-widget-container\">\n\t\t\t\t\t\t\t\t\t\t\t\t\t\t\t<img fetchpriority=\"high\" decoding=\"async\" width=\"1703\" height=\"2560\" src=\"https:\/\/minutadoposla.com\/wp-content\/uploads\/2023\/08\/DSC_2439-scaled.jpg\" class=\"attachment-full size-full wp-image-336\" alt=\"\" srcset=\"https:\/\/minutadoposla.com\/wp-content\/uploads\/2023\/08\/DSC_2439-scaled.jpg 1703w, https:\/\/minutadoposla.com\/wp-content\/uploads\/2023\/08\/DSC_2439-200x300.jpg 200w, https:\/\/minutadoposla.com\/wp-content\/uploads\/2023\/08\/DSC_2439-681x1024.jpg 681w, https:\/\/minutadoposla.com\/wp-content\/uploads\/2023\/08\/DSC_2439-768x1154.jpg 768w, https:\/\/minutadoposla.com\/wp-content\/uploads\/2023\/08\/DSC_2439-1022x1536.jpg 1022w, https:\/\/minutadoposla.com\/wp-content\/uploads\/2023\/08\/DSC_2439-1363x2048.jpg 1363w, https:\/\/minutadoposla.com\/wp-content\/uploads\/2023\/08\/DSC_2439-8x12.jpg 8w\" sizes=\"(max-width: 1703px) 100vw, 1703px\" \/>\t\t\t\t\t\t\t\t\t\t\t\t\t\t\t<\/div>\n\t\t\t\t<\/div>\n\t\t\t\t\t<\/div>\n\t\t<\/div>\n\t\t\t\t\t<\/div>\n\t\t<\/section>\n\t\t\t\t<div class=\"elementor-element elementor-element-225d6bb0 elementor-widget__width-initial elementor-absolute elementor-widget elementor-widget-image\" data-id=\"225d6bb0\" data-element_type=\"widget\" data-settings=\"{&quot;_position&quot;:&quot;absolute&quot;}\" data-widget_type=\"image.default\">\n\t\t\t\t<div class=\"elementor-widget-container\">\n\t\t\t\t\t\t\t\t\t\t\t\t\t\t\t<img decoding=\"async\" width=\"500\" height=\"500\" src=\"https:\/\/minutadoposla.com\/wp-content\/uploads\/2023\/08\/Untitled-design-2023-08-09T160054.732.png\" class=\"attachment-large size-large wp-image-81\" alt=\"\" srcset=\"https:\/\/minutadoposla.com\/wp-content\/uploads\/2023\/08\/Untitled-design-2023-08-09T160054.732.png 500w, https:\/\/minutadoposla.com\/wp-content\/uploads\/2023\/08\/Untitled-design-2023-08-09T160054.732-300x300.png 300w, https:\/\/minutadoposla.com\/wp-content\/uploads\/2023\/08\/Untitled-design-2023-08-09T160054.732-150x150.png 150w, https:\/\/minutadoposla.com\/wp-content\/uploads\/2023\/08\/Untitled-design-2023-08-09T160054.732-12x12.png 12w\" sizes=\"(max-width: 500px) 100vw, 500px\" \/>\t\t\t\t\t\t\t\t\t\t\t\t\t\t\t<\/div>\n\t\t\t\t<\/div>\n\t\t\t\t<div class=\"elementor-element elementor-element-4d67d362 elementor-widget__width-initial elementor-absolute elementor-widget elementor-widget-image\" data-id=\"4d67d362\" data-element_type=\"widget\" data-settings=\"{&quot;_position&quot;:&quot;absolute&quot;}\" data-widget_type=\"image.default\">\n\t\t\t\t<div class=\"elementor-widget-container\">\n\t\t\t\t\t\t\t\t\t\t\t\t\t\t\t<img decoding=\"async\" width=\"500\" height=\"500\" src=\"https:\/\/minutadoposla.com\/wp-content\/uploads\/2023\/08\/Untitled-design-2023-08-09T160034.829.png\" class=\"attachment-large size-large wp-image-82\" alt=\"\" srcset=\"https:\/\/minutadoposla.com\/wp-content\/uploads\/2023\/08\/Untitled-design-2023-08-09T160034.829.png 500w, https:\/\/minutadoposla.com\/wp-content\/uploads\/2023\/08\/Untitled-design-2023-08-09T160034.829-300x300.png 300w, https:\/\/minutadoposla.com\/wp-content\/uploads\/2023\/08\/Untitled-design-2023-08-09T160034.829-150x150.png 150w, https:\/\/minutadoposla.com\/wp-content\/uploads\/2023\/08\/Untitled-design-2023-08-09T160034.829-12x12.png 12w\" sizes=\"(max-width: 500px) 100vw, 500px\" \/>\t\t\t\t\t\t\t\t\t\t\t\t\t\t\t<\/div>\n\t\t\t\t<\/div>\n\t\t\t\t\t<\/div>\n\t\t<\/div>\n\t\t\t\t\t<\/div>\n\t\t<\/section>\n\t\t\t\t<\/div>","protected":false},"excerpt":{"rendered":"<p>Zahtjev za izradu CV-a \u010cim ste ovdje vjerovatno tra\u017eite ili mijenjate posao, i treba vam novi CV! Ne brinite, zato smo mi tu! Ne morate da razmi\u0161ljate \u0161ta treba da uklju\u010dite \u2013 mi znamo \u0161ta poslodavci tra\u017ee. Zato preuzimamo sav posao, tako da mo\u017eete da se fokusirate na ono \u0161to zaista volite \ud83d\ude42 Popunite kratak [&hellip;]<\/p>","protected":false},"author":3,"featured_media":0,"parent":20,"menu_order":0,"comment_status":"closed","ping_status":"closed","template":"","meta":{"inline_featured_image":false,"order-bump-settings":[],"_wpfnl_thankyou_order_overview":"on","_wpfnl_thankyou_order_details":"on","_wpfnl_thankyou_billing_details":"on","_wpfnl_thankyou_shipping_details":"on","footnotes":""},"class_list":["post-2181","page","type-page","status-publish","hentry"],"jetpack_sharing_enabled":true,"_links":{"self":[{"href":"https:\/\/minutadoposla.com\/en\/wp-json\/wp\/v2\/pages\/2181","targetHints":{"allow":["GET"]}}],"collection":[{"href":"https:\/\/minutadoposla.com\/en\/wp-json\/wp\/v2\/pages"}],"about":[{"href":"https:\/\/minutadoposla.com\/en\/wp-json\/wp\/v2\/types\/page"}],"author":[{"embeddable":true,"href":"https:\/\/minutadoposla.com\/en\/wp-json\/wp\/v2\/users\/3"}],"replies":[{"embeddable":true,"href":"https:\/\/minutadoposla.com\/en\/wp-json\/wp\/v2\/comments?post=2181"}],"version-history":[{"count":10,"href":"https:\/\/minutadoposla.com\/en\/wp-json\/wp\/v2\/pages\/2181\/revisions"}],"predecessor-version":[{"id":2191,"href":"https:\/\/minutadoposla.com\/en\/wp-json\/wp\/v2\/pages\/2181\/revisions\/2191"}],"up":[{"embeddable":true,"href":"https:\/\/minutadoposla.com\/en\/wp-json\/wp\/v2\/pages\/20"}],"wp:attachment":[{"href":"https:\/\/minutadoposla.com\/en\/wp-json\/wp\/v2\/media?parent=2181"}],"curies":[{"name":"wp","href":"https:\/\/api.w.org\/{rel}","templated":true}]}}