{"id":2366,"date":"2024-09-24T17:57:52","date_gmt":"2024-09-24T17:57:52","guid":{"rendered":"https:\/\/minutadoposla.com\/?page_id=2366"},"modified":"2024-09-26T08:18:47","modified_gmt":"2024-09-26T08:18:47","slug":"zahtjev-nbi-profil","status":"publish","type":"page","link":"https:\/\/minutadoposla.com\/en\/jobseekers\/nbi-assessment\/zahtjev-nbi-profil\/","title":{"rendered":"Zahtjev NBI profil"},"content":{"rendered":"<div data-elementor-type=\"wp-page\" data-elementor-id=\"2366\" class=\"elementor elementor-2366\" data-elementor-post-type=\"page\">\n\t\t\t\t\t\t<section class=\"elementor-section elementor-top-section elementor-element elementor-element-5e9305d2 elementor-section-boxed elementor-section-height-default elementor-section-height-default\" data-id=\"5e9305d2\" data-element_type=\"section\">\n\t\t\t\t\t\t<div class=\"elementor-container elementor-column-gap-default\">\n\t\t\t\t\t<div class=\"elementor-column elementor-col-50 elementor-top-column elementor-element elementor-element-a7fc133\" data-id=\"a7fc133\" data-element_type=\"column\">\n\t\t\t<div class=\"elementor-widget-wrap elementor-element-populated\">\n\t\t\t\t\t\t<div class=\"elementor-element elementor-element-64a2bb29 elementor-widget elementor-widget-heading\" data-id=\"64a2bb29\" data-element_type=\"widget\" data-widget_type=\"heading.default\">\n\t\t\t\t<div class=\"elementor-widget-container\">\n\t\t\t\t\t<h1 class=\"elementor-heading-title elementor-size-default\">Zahtjev za NBI profil<\/h1>\t\t\t\t<\/div>\n\t\t\t\t<\/div>\n\t\t\t\t<div class=\"elementor-element elementor-element-4ac2188f elementor-widget elementor-widget-text-editor\" data-id=\"4ac2188f\" data-element_type=\"widget\" data-widget_type=\"text-editor.default\">\n\t\t\t\t<div class=\"elementor-widget-container\">\n\t\t\t\t\t\t\t\t\t<div class=\"page\" title=\"Based on the neuroscience\"><div class=\"section\"><div class=\"layoutArea\"><div class=\"column\"><p>Hvala Vam \u0161to ste pokazali interesovanje za NBI procjenu!<\/p><p>Ako \u017eelite brzo da saznate vi\u0161e o svom stilu razmi\u0161ljanja i kako Vam to mo\u017ee pomo\u0107i u svakodnevnim odlukama, ova opcija je za Vas. Profil \u0107e Vam pru\u017eiti uvid u to kako procesirate informacije, donosite odluke i u kojim oblastima ste najja\u010di.<\/p><p>Na osnovu Va\u0161ih trenutnih potreba i \u017eivotne faze, preporu\u010di\u0107emo Vam najprikladniji NBI alat koji \u0107e vam pru\u017eiti najvi\u0161e koristi. Molimo Vas da odgovorite na nekoliko pitanja kako bismo razumjeli Va\u0161u situaciju i ciljeve, te Vam ponudili najbolje rje\u0161enje.<\/p><\/div><\/div><\/div><\/div>\t\t\t\t\t\t\t\t<\/div>\n\t\t\t\t<\/div>\n\t\t\t\t<div class=\"elementor-element elementor-element-3087909f elementor-button-align-stretch elementor-widget elementor-widget-form\" data-id=\"3087909f\" data-element_type=\"widget\" data-settings=\"{&quot;step_next_label&quot;:&quot;\\u0421\\u043b\\u0435\\u0434\\u0435\\u045b\\u0438&quot;,&quot;step_previous_label&quot;:&quot;\\u041f\\u0440\\u0435\\u0442\\u0445\\u043e\\u0434\\u043d\\u0430&quot;,&quot;button_width&quot;:&quot;100&quot;,&quot;step_type&quot;:&quot;number_text&quot;,&quot;step_icon_shape&quot;:&quot;circle&quot;}\" data-widget_type=\"form.default\">\n\t\t\t\t<div class=\"elementor-widget-container\">\n\t\t\t\t\t\t\t<form class=\"elementor-form\" method=\"post\" name=\"Tra\u017eenje posla zahtjev\" action=\"\">\n\t\t\t<input type=\"hidden\" name=\"post_id\" value=\"2366\"\/>\n\t\t\t<input type=\"hidden\" name=\"form_id\" value=\"3087909f\"\/>\n\t\t\t<input type=\"hidden\" name=\"referer_title\" value=\"\" \/>\n\n\t\t\t\n\t\t\t<div class=\"elementor-form-fields-wrapper elementor-labels-above\">\n\t\t\t\t\t\t\t\t<div class=\"elementor-field-type-text elementor-field-group elementor-column elementor-field-group-name elementor-col-50 elementor-field-required\">\n\t\t\t\t\t\t\t\t\t\t\t\t<label for=\"form-field-name\" class=\"elementor-field-label\">\n\t\t\t\t\t\t\t\tName:\t\t\t\t\t\t\t<\/label>\n\t\t\t\t\t\t\t\t\t\t\t\t\t\t<input size=\"1\" type=\"text\" name=\"form_fields[name]\" id=\"form-field-name\" class=\"elementor-field elementor-size-sm  elementor-field-textual\" required=\"required\">\n\t\t\t\t\t\t\t\t\t\t\t<\/div>\n\t\t\t\t\t\t\t\t<div class=\"elementor-field-type-text elementor-field-group elementor-column elementor-field-group-field_8c9ebc6 elementor-col-50 elementor-field-required\">\n\t\t\t\t\t\t\t\t\t\t\t\t<label for=\"form-field-field_8c9ebc6\" class=\"elementor-field-label\">\n\t\t\t\t\t\t\t\tLast Name:\t\t\t\t\t\t\t<\/label>\n\t\t\t\t\t\t\t\t\t\t\t\t\t\t<input size=\"1\" type=\"text\" name=\"form_fields[field_8c9ebc6]\" id=\"form-field-field_8c9ebc6\" class=\"elementor-field elementor-size-sm  elementor-field-textual\" required=\"required\">\n\t\t\t\t\t\t\t\t\t\t\t<\/div>\n\t\t\t\t\t\t\t\t<div class=\"elementor-field-type-text elementor-field-group elementor-column elementor-field-group-field_e12ff8c elementor-col-50\">\n\t\t\t\t\t\t\t\t\t\t\t\t<label for=\"form-field-field_e12ff8c\" class=\"elementor-field-label\">\n\t\t\t\t\t\t\t\tPhone Number:\t\t\t\t\t\t\t<\/label>\n\t\t\t\t\t\t\t\t\t\t\t\t\t\t<input size=\"1\" type=\"text\" name=\"form_fields[field_e12ff8c]\" id=\"form-field-field_e12ff8c\" class=\"elementor-field elementor-size-sm  elementor-field-textual\">\n\t\t\t\t\t\t\t\t\t\t\t<\/div>\n\t\t\t\t\t\t\t\t<div class=\"elementor-field-type-email elementor-field-group elementor-column elementor-field-group-email elementor-col-50 elementor-field-required\">\n\t\t\t\t\t\t\t\t\t\t\t\t<label for=\"form-field-email\" class=\"elementor-field-label\">\n\t\t\t\t\t\t\t\tEmail Address:\t\t\t\t\t\t\t<\/label>\n\t\t\t\t\t\t\t\t\t\t\t\t\t\t<input size=\"1\" type=\"email\" name=\"form_fields[email]\" id=\"form-field-email\" class=\"elementor-field elementor-size-sm  elementor-field-textual\" required=\"required\">\n\t\t\t\t\t\t\t\t\t\t\t<\/div>\n\t\t\t\t\t\t\t\t<div class=\"elementor-field-type-radio elementor-field-group elementor-column elementor-field-group-field_ad7e676 elementor-col-50 elementor-field-required\">\n\t\t\t\t\t\t\t\t\t\t\t\t<label for=\"form-field-field_ad7e676\" class=\"elementor-field-label\">\n\t\t\t\t\t\t\t\tKako ste \u010duli za nas?\t\t\t\t\t\t\t<\/label>\n\t\t\t\t\t\t<div class=\"elementor-field-subgroup\"><span class=\"elementor-field-option\"><input type=\"radio\" value=\"Google\" id=\"form-field-field_ad7e676-0\" name=\"form_fields[field_ad7e676]\" required=\"required\"> <label for=\"form-field-field_ad7e676-0\">on Google Search<\/label><\/span><span class=\"elementor-field-option\"><input type=\"radio\" value=\" Facebook\" id=\"form-field-field_ad7e676-1\" name=\"form_fields[field_ad7e676]\" required=\"required\"> <label for=\"form-field-field_ad7e676-1\"> Facebook<\/label><\/span><span class=\"elementor-field-option\"><input type=\"radio\" value=\" Instagram\" id=\"form-field-field_ad7e676-2\" name=\"form_fields[field_ad7e676]\" required=\"required\"> <label for=\"form-field-field_ad7e676-2\"> Instagram<\/label><\/span><span class=\"elementor-field-option\"><input type=\"radio\" value=\" Linkedin\" id=\"form-field-field_ad7e676-3\" name=\"form_fields[field_ad7e676]\" required=\"required\"> <label for=\"form-field-field_ad7e676-3\"> Linkedin<\/label><\/span><span class=\"elementor-field-option\"><input type=\"radio\" value=\" Preporuka prijatelja\" id=\"form-field-field_ad7e676-4\" name=\"form_fields[field_ad7e676]\" required=\"required\"> <label for=\"form-field-field_ad7e676-4\"> Friend recommendation<\/label><\/span><span class=\"elementor-field-option\"><input type=\"radio\" value=\" Radionica\" id=\"form-field-field_ad7e676-5\" name=\"form_fields[field_ad7e676]\" required=\"required\"> <label for=\"form-field-field_ad7e676-5\"> Workshop<\/label><\/span><span class=\"elementor-field-option\"><input type=\"radio\" value=\" Li\u010dno poznanstvo\" id=\"form-field-field_ad7e676-6\" name=\"form_fields[field_ad7e676]\" required=\"required\"> <label for=\"form-field-field_ad7e676-6\"> Li\u010dno poznanstvo<\/label><\/span><span class=\"elementor-field-option\"><input type=\"radio\" value=\" Ne\u0161to drugo\" id=\"form-field-field_ad7e676-7\" name=\"form_fields[field_ad7e676]\" required=\"required\"> <label for=\"form-field-field_ad7e676-7\"> Something else<\/label><\/span><\/div>\t\t\t\t<\/div>\n\t\t\t\t\t\t\t\t<div class=\"elementor-field-type-radio elementor-field-group elementor-column elementor-field-group-field_29eb075 elementor-col-100 elementor-field-required\">\n\t\t\t\t\t\t\t\t\t\t\t\t<label for=\"form-field-field_29eb075\" class=\"elementor-field-label\">\n\t\t\t\t\t\t\t\tKoja je va\u0161a trenutna faza u \u017eivotu ili karijeri?\t\t\t\t\t\t\t<\/label>\n\t\t\t\t\t\t<div class=\"elementor-field-subgroup\"><span class=\"elementor-field-option\"><input type=\"radio\" value=\"Student\/ u\u010denik\" id=\"form-field-field_29eb075-0\" name=\"form_fields[field_29eb075]\" required=\"required\"> <label for=\"form-field-field_29eb075-0\">Student\/ u\u010denik<\/label><\/span><span class=\"elementor-field-option\"><input type=\"radio\" value=\"Mladi profesionalac\" id=\"form-field-field_29eb075-1\" name=\"form_fields[field_29eb075]\" required=\"required\"> <label for=\"form-field-field_29eb075-1\">Mladi profesionalac<\/label><\/span><span class=\"elementor-field-option\"><input type=\"radio\" value=\"Zaposleni sa iskustvom\" id=\"form-field-field_29eb075-2\" name=\"form_fields[field_29eb075]\" required=\"required\"> <label for=\"form-field-field_29eb075-2\">Zaposleni sa iskustvom<\/label><\/span><span class=\"elementor-field-option\"><input type=\"radio\" value=\"Preduzetnik\" id=\"form-field-field_29eb075-3\" name=\"form_fields[field_29eb075]\" required=\"required\"> <label for=\"form-field-field_29eb075-3\">Preduzetnik<\/label><\/span><span class=\"elementor-field-option\"><input type=\"radio\" value=\"Roditelj\" id=\"form-field-field_29eb075-4\" name=\"form_fields[field_29eb075]\" required=\"required\"> <label for=\"form-field-field_29eb075-4\">Roditelj<\/label><\/span><span class=\"elementor-field-option\"><input type=\"radio\" value=\"Drugo (specifikujte u poruci ispod)\" id=\"form-field-field_29eb075-5\" name=\"form_fields[field_29eb075]\" required=\"required\"> <label for=\"form-field-field_29eb075-5\">Drugo (specifikujte u poruci ispod)<\/label><\/span><\/div>\t\t\t\t<\/div>\n\t\t\t\t\t\t\t\t<div class=\"elementor-field-type-checkbox elementor-field-group elementor-column elementor-field-group-field_e41aa57 elementor-col-100\">\n\t\t\t\t\t\t\t\t\t\t\t\t<label for=\"form-field-field_e41aa57\" class=\"elementor-field-label\">\n\t\t\t\t\t\t\t\tKoji su va\u0161i trenutni izazovi ili podru\u010dja na koja \u017eelite da se fokusirate?\t\t\t\t\t\t\t<\/label>\n\t\t\t\t\t\t<div class=\"elementor-field-subgroup\"><span class=\"elementor-field-option\"><input type=\"checkbox\" value=\"Odabir \u0161kole, fakulteta ili karijere\" id=\"form-field-field_e41aa57-0\" name=\"form_fields[field_e41aa57][]\"> <label for=\"form-field-field_e41aa57-0\">Odabir \u0161kole, fakulteta ili karijere<\/label><\/span><span class=\"elementor-field-option\"><input type=\"checkbox\" value=\"Bolje razumijevanje mog stila u\u010denja\" id=\"form-field-field_e41aa57-1\" name=\"form_fields[field_e41aa57][]\"> <label for=\"form-field-field_e41aa57-1\">Bolje razumijevanje mog stila u\u010denja<\/label><\/span><span class=\"elementor-field-option\"><input type=\"checkbox\" value=\"Pobolj\u0161anje poslovnih odnosa i komunikacije\" id=\"form-field-field_e41aa57-2\" name=\"form_fields[field_e41aa57][]\"> <label for=\"form-field-field_e41aa57-2\">Pobolj\u0161anje poslovnih odnosa i komunikacije<\/label><\/span><span class=\"elementor-field-option\"><input type=\"checkbox\" value=\"Kreativnost i inovacije u radu\" id=\"form-field-field_e41aa57-3\" name=\"form_fields[field_e41aa57][]\"> <label for=\"form-field-field_e41aa57-3\">Kreativnost i inovacije u radu<\/label><\/span><span class=\"elementor-field-option\"><input type=\"checkbox\" value=\"Liderstvo i dono\u0161enje odluka\" id=\"form-field-field_e41aa57-4\" name=\"form_fields[field_e41aa57][]\"> <label for=\"form-field-field_e41aa57-4\">Liderstvo i dono\u0161enje odluka<\/label><\/span><span class=\"elementor-field-option\"><input type=\"checkbox\" value=\"Li\u010dni razvoj i balans izme\u0111u posla i privatnog \u017eivota\" id=\"form-field-field_e41aa57-5\" name=\"form_fields[field_e41aa57][]\"> <label for=\"form-field-field_e41aa57-5\">Li\u010dni razvoj i balans izme\u0111u posla i privatnog \u017eivota<\/label><\/span><span class=\"elementor-field-option\"><input type=\"checkbox\" value=\"Razvoj roditeljskih vje\u0161tina\" id=\"form-field-field_e41aa57-6\" name=\"form_fields[field_e41aa57][]\"> <label for=\"form-field-field_e41aa57-6\">Razvoj roditeljskih vje\u0161tina<\/label><\/span><span class=\"elementor-field-option\"><input type=\"checkbox\" value=\"Pobolj\u0161anje odnosa sa partnerom, kolegama ili klijentima\" id=\"form-field-field_e41aa57-7\" name=\"form_fields[field_e41aa57][]\"> <label for=\"form-field-field_e41aa57-7\">Pobolj\u0161anje odnosa sa partnerom, kolegama ili klijentima<\/label><\/span><span class=\"elementor-field-option\"><input type=\"checkbox\" value=\"Upravljanje stresom ili negativnim mislima\" id=\"form-field-field_e41aa57-8\" name=\"form_fields[field_e41aa57][]\"> <label for=\"form-field-field_e41aa57-8\">Upravljanje stresom ili negativnim mislima<\/label><\/span><span class=\"elementor-field-option\"><input type=\"checkbox\" value=\"Drugo (specifikujte u poruci ispod)\" id=\"form-field-field_e41aa57-9\" name=\"form_fields[field_e41aa57][]\"> <label for=\"form-field-field_e41aa57-9\">Drugo (specifikujte u poruci ispod)<\/label><\/span><\/div>\t\t\t\t<\/div>\n\t\t\t\t\t\t\t\t<div class=\"elementor-field-type-checkbox elementor-field-group elementor-column elementor-field-group-field_dc17f0f elementor-col-66\">\n\t\t\t\t\t\t\t\t\t\t\t\t<label for=\"form-field-field_dc17f0f\" class=\"elementor-field-label\">\n\t\t\t\t\t\t\t\tDa li \u017eelite da ova procjena pomogne u va\u0161oj trenutnoj karijeri, obrazovanju, li\u010dnim odnosima, ili roditeljskim vje\u0161tinama?\t\t\t\t\t\t\t<\/label>\n\t\t\t\t\t\t<div class=\"elementor-field-subgroup\"><span class=\"elementor-field-option\"><input type=\"checkbox\" value=\"Karijera\" id=\"form-field-field_dc17f0f-0\" name=\"form_fields[field_dc17f0f][]\"> <label for=\"form-field-field_dc17f0f-0\">Karijera<\/label><\/span><span class=\"elementor-field-option\"><input type=\"checkbox\" value=\"Obrazovanje\" id=\"form-field-field_dc17f0f-1\" name=\"form_fields[field_dc17f0f][]\"> <label for=\"form-field-field_dc17f0f-1\">Obrazovanje<\/label><\/span><span class=\"elementor-field-option\"><input type=\"checkbox\" value=\"Odnosi (li\u010dni ili poslovni)\" id=\"form-field-field_dc17f0f-2\" name=\"form_fields[field_dc17f0f][]\"> <label for=\"form-field-field_dc17f0f-2\">Odnosi (li\u010dni ili poslovni)<\/label><\/span><span class=\"elementor-field-option\"><input type=\"checkbox\" value=\"Roditeljstvo\" id=\"form-field-field_dc17f0f-3\" name=\"form_fields[field_dc17f0f][]\"> <label for=\"form-field-field_dc17f0f-3\">Roditeljstvo<\/label><\/span><span class=\"elementor-field-option\"><input type=\"checkbox\" value=\"Drugo (specifikujte)\" id=\"form-field-field_dc17f0f-4\" name=\"form_fields[field_dc17f0f][]\"> <label for=\"form-field-field_dc17f0f-4\">Drugo (specifikujte)<\/label><\/span><\/div>\t\t\t\t<\/div>\n\t\t\t\t\t\t\t\t<div class=\"elementor-field-type-text elementor-field-group elementor-column elementor-field-group-field_b5b35b1 elementor-col-100 elementor-field-required\">\n\t\t\t\t\t\t\t\t\t\t\t\t<label for=\"form-field-field_b5b35b1\" class=\"elementor-field-label\">\n\t\t\t\t\t\t\t\tVa\u0161a poruka\t\t\t\t\t\t\t<\/label>\n\t\t\t\t\t\t\t\t\t\t\t\t\t\t<input size=\"1\" type=\"text\" name=\"form_fields[field_b5b35b1]\" id=\"form-field-field_b5b35b1\" class=\"elementor-field elementor-size-sm  elementor-field-textual\" required=\"required\">\n\t\t\t\t\t\t\t\t\t\t\t<\/div>\n\t\t\t\t\t\t\t\t<div class=\"elementor-field-group elementor-column elementor-field-type-submit elementor-col-100 e-form__buttons\">\n\t\t\t\t\t<button class=\"elementor-button elementor-size-md\" type=\"submit\">\n\t\t\t\t\t\t<span class=\"elementor-button-content-wrapper\">\n\t\t\t\t\t\t\t\t\t\t\t\t\t\t\t\t\t\t\t\t\t\t<span class=\"elementor-button-text\">Send<\/span>\n\t\t\t\t\t\t\t\t\t\t\t\t\t<\/span>\n\t\t\t\t\t<\/button>\n\t\t\t\t<\/div>\n\t\t\t<\/div>\n\t\t<input type=\"hidden\" name=\"trp-form-language\" value=\"en\"\/><\/form>\n\t\t\t\t\t\t<\/div>\n\t\t\t\t<\/div>\n\t\t\t\t\t<\/div>\n\t\t<\/div>\n\t\t\t\t<div class=\"elementor-column elementor-col-50 elementor-top-column elementor-element elementor-element-6847649f\" data-id=\"6847649f\" data-element_type=\"column\">\n\t\t\t<div class=\"elementor-widget-wrap elementor-element-populated\">\n\t\t\t\t\t\t<section class=\"elementor-section elementor-inner-section elementor-element elementor-element-6f472c97 elementor-section-boxed elementor-section-height-default elementor-section-height-default\" data-id=\"6f472c97\" data-element_type=\"section\" data-settings=\"{&quot;sticky&quot;:&quot;top&quot;,&quot;sticky_offset&quot;:130,&quot;sticky_parent&quot;:&quot;yes&quot;,&quot;sticky_on&quot;:[&quot;desktop&quot;,&quot;tablet&quot;,&quot;mobile&quot;],&quot;sticky_effects_offset&quot;:0,&quot;sticky_anchor_link_offset&quot;:0}\">\n\t\t\t\t\t\t<div class=\"elementor-container elementor-column-gap-default\">\n\t\t\t\t\t<div class=\"elementor-column elementor-col-100 elementor-inner-column elementor-element elementor-element-5dadc149\" data-id=\"5dadc149\" data-element_type=\"column\">\n\t\t\t<div class=\"elementor-widget-wrap elementor-element-populated\">\n\t\t\t\t\t\t<div class=\"elementor-element elementor-element-7baf5376 elementor-widget elementor-widget-image\" data-id=\"7baf5376\" data-element_type=\"widget\" data-widget_type=\"image.default\">\n\t\t\t\t<div class=\"elementor-widget-container\">\n\t\t\t\t\t\t\t\t\t\t\t\t\t\t\t<img fetchpriority=\"high\" decoding=\"async\" width=\"1703\" height=\"2560\" src=\"https:\/\/minutadoposla.com\/wp-content\/uploads\/2023\/08\/DSC_2439-scaled.jpg\" class=\"attachment-full size-full wp-image-336\" alt=\"\" srcset=\"https:\/\/minutadoposla.com\/wp-content\/uploads\/2023\/08\/DSC_2439-scaled.jpg 1703w, https:\/\/minutadoposla.com\/wp-content\/uploads\/2023\/08\/DSC_2439-200x300.jpg 200w, https:\/\/minutadoposla.com\/wp-content\/uploads\/2023\/08\/DSC_2439-681x1024.jpg 681w, https:\/\/minutadoposla.com\/wp-content\/uploads\/2023\/08\/DSC_2439-768x1154.jpg 768w, https:\/\/minutadoposla.com\/wp-content\/uploads\/2023\/08\/DSC_2439-1022x1536.jpg 1022w, https:\/\/minutadoposla.com\/wp-content\/uploads\/2023\/08\/DSC_2439-1363x2048.jpg 1363w, https:\/\/minutadoposla.com\/wp-content\/uploads\/2023\/08\/DSC_2439-8x12.jpg 8w\" sizes=\"(max-width: 1703px) 100vw, 1703px\" \/>\t\t\t\t\t\t\t\t\t\t\t\t\t\t\t<\/div>\n\t\t\t\t<\/div>\n\t\t\t\t\t<\/div>\n\t\t<\/div>\n\t\t\t\t\t<\/div>\n\t\t<\/section>\n\t\t\t\t<div class=\"elementor-element elementor-element-25653772 elementor-widget__width-initial elementor-absolute elementor-widget elementor-widget-image\" data-id=\"25653772\" data-element_type=\"widget\" data-settings=\"{&quot;_position&quot;:&quot;absolute&quot;}\" data-widget_type=\"image.default\">\n\t\t\t\t<div class=\"elementor-widget-container\">\n\t\t\t\t\t\t\t\t\t\t\t\t\t\t\t<img decoding=\"async\" width=\"500\" height=\"500\" src=\"https:\/\/minutadoposla.com\/wp-content\/uploads\/2023\/08\/Untitled-design-2023-08-09T160054.732.png\" class=\"attachment-large size-large wp-image-81\" alt=\"\" srcset=\"https:\/\/minutadoposla.com\/wp-content\/uploads\/2023\/08\/Untitled-design-2023-08-09T160054.732.png 500w, https:\/\/minutadoposla.com\/wp-content\/uploads\/2023\/08\/Untitled-design-2023-08-09T160054.732-300x300.png 300w, https:\/\/minutadoposla.com\/wp-content\/uploads\/2023\/08\/Untitled-design-2023-08-09T160054.732-150x150.png 150w, https:\/\/minutadoposla.com\/wp-content\/uploads\/2023\/08\/Untitled-design-2023-08-09T160054.732-12x12.png 12w\" sizes=\"(max-width: 500px) 100vw, 500px\" \/>\t\t\t\t\t\t\t\t\t\t\t\t\t\t\t<\/div>\n\t\t\t\t<\/div>\n\t\t\t\t<div class=\"elementor-element elementor-element-5ebcadfa elementor-widget__width-initial elementor-absolute elementor-widget elementor-widget-image\" data-id=\"5ebcadfa\" data-element_type=\"widget\" data-settings=\"{&quot;_position&quot;:&quot;absolute&quot;}\" data-widget_type=\"image.default\">\n\t\t\t\t<div class=\"elementor-widget-container\">\n\t\t\t\t\t\t\t\t\t\t\t\t\t\t\t<img decoding=\"async\" width=\"500\" height=\"500\" src=\"https:\/\/minutadoposla.com\/wp-content\/uploads\/2023\/08\/Untitled-design-2023-08-09T160034.829.png\" class=\"attachment-large size-large wp-image-82\" alt=\"\" srcset=\"https:\/\/minutadoposla.com\/wp-content\/uploads\/2023\/08\/Untitled-design-2023-08-09T160034.829.png 500w, https:\/\/minutadoposla.com\/wp-content\/uploads\/2023\/08\/Untitled-design-2023-08-09T160034.829-300x300.png 300w, https:\/\/minutadoposla.com\/wp-content\/uploads\/2023\/08\/Untitled-design-2023-08-09T160034.829-150x150.png 150w, https:\/\/minutadoposla.com\/wp-content\/uploads\/2023\/08\/Untitled-design-2023-08-09T160034.829-12x12.png 12w\" sizes=\"(max-width: 500px) 100vw, 500px\" \/>\t\t\t\t\t\t\t\t\t\t\t\t\t\t\t<\/div>\n\t\t\t\t<\/div>\n\t\t\t\t\t<\/div>\n\t\t<\/div>\n\t\t\t\t\t<\/div>\n\t\t<\/section>\n\t\t\t\t<\/div>","protected":false},"excerpt":{"rendered":"<p>Zahtjev za NBI profil Hvala Vam \u0161to ste pokazali interesovanje za NBI procjenu! Ako \u017eelite brzo da saznate vi\u0161e o svom stilu razmi\u0161ljanja i kako Vam to mo\u017ee pomo\u0107i u svakodnevnim odlukama, ova opcija je za Vas. Profil \u0107e Vam pru\u017eiti uvid u to kako procesirate informacije, donosite odluke i u kojim oblastima ste najja\u010di. [&hellip;]<\/p>","protected":false},"author":3,"featured_media":0,"parent":2210,"menu_order":0,"comment_status":"closed","ping_status":"closed","template":"","meta":{"inline_featured_image":false,"order-bump-settings":[],"_wpfnl_thankyou_order_overview":"on","_wpfnl_thankyou_order_details":"on","_wpfnl_thankyou_billing_details":"on","_wpfnl_thankyou_shipping_details":"on","footnotes":""},"class_list":["post-2366","page","type-page","status-publish","hentry"],"jetpack_sharing_enabled":true,"_links":{"self":[{"href":"https:\/\/minutadoposla.com\/en\/wp-json\/wp\/v2\/pages\/2366","targetHints":{"allow":["GET"]}}],"collection":[{"href":"https:\/\/minutadoposla.com\/en\/wp-json\/wp\/v2\/pages"}],"about":[{"href":"https:\/\/minutadoposla.com\/en\/wp-json\/wp\/v2\/types\/page"}],"author":[{"embeddable":true,"href":"https:\/\/minutadoposla.com\/en\/wp-json\/wp\/v2\/users\/3"}],"replies":[{"embeddable":true,"href":"https:\/\/minutadoposla.com\/en\/wp-json\/wp\/v2\/comments?post=2366"}],"version-history":[{"count":13,"href":"https:\/\/minutadoposla.com\/en\/wp-json\/wp\/v2\/pages\/2366\/revisions"}],"predecessor-version":[{"id":2466,"href":"https:\/\/minutadoposla.com\/en\/wp-json\/wp\/v2\/pages\/2366\/revisions\/2466"}],"up":[{"embeddable":true,"href":"https:\/\/minutadoposla.com\/en\/wp-json\/wp\/v2\/pages\/2210"}],"wp:attachment":[{"href":"https:\/\/minutadoposla.com\/en\/wp-json\/wp\/v2\/media?parent=2366"}],"curies":[{"name":"wp","href":"https:\/\/api.w.org\/{rel}","templated":true}]}}