{"id":241,"date":"2023-08-25T07:55:59","date_gmt":"2023-08-25T07:55:59","guid":{"rendered":"https:\/\/minutadoposla.com\/?page_id=241"},"modified":"2024-07-01T16:40:16","modified_gmt":"2024-07-01T16:40:16","slug":"za-institucije","status":"publish","type":"page","link":"https:\/\/minutadoposla.com\/en\/institutions\/","title":{"rendered":"For institutions"},"content":{"rendered":"<div data-elementor-type=\"wp-page\" data-elementor-id=\"241\" class=\"elementor elementor-241\" data-elementor-post-type=\"page\">\n\t\t\t\t\t\t<section class=\"elementor-section elementor-top-section elementor-element elementor-element-7ede6a00 elementor-section-boxed elementor-section-height-default elementor-section-height-default\" data-id=\"7ede6a00\" data-element_type=\"section\">\n\t\t\t\t\t\t<div class=\"elementor-container elementor-column-gap-default\">\n\t\t\t\t\t<div class=\"elementor-column elementor-col-100 elementor-top-column elementor-element elementor-element-55841c2\" data-id=\"55841c2\" data-element_type=\"column\">\n\t\t\t<div class=\"elementor-widget-wrap elementor-element-populated\">\n\t\t\t\t\t\t<div class=\"elementor-element elementor-element-354d80db elementor-widget elementor-widget-heading\" data-id=\"354d80db\" data-element_type=\"widget\" data-widget_type=\"heading.default\">\n\t\t\t\t<div class=\"elementor-widget-container\">\n\t\t\t\t\t<h1 class=\"elementor-heading-title elementor-size-default\">For institutions<\/h1>\t\t\t\t<\/div>\n\t\t\t\t<\/div>\n\t\t\t\t<div class=\"elementor-element elementor-element-67bf9ba6 elementor-widget elementor-widget-text-editor\" data-id=\"67bf9ba6\" data-element_type=\"widget\" data-widget_type=\"text-editor.default\">\n\t\t\t\t<div class=\"elementor-widget-container\">\n\t\t\t\t\t\t\t\t\t<p><span style=\"font-weight: 400;\">Your mission is to empower people in developing their unique careers? <\/span><span style=\"font-weight: 400;\">Sounds great, we\u2019re on the same boat \ud83d\ude42&nbsp;<br><\/span>In our vision of the future, career development is a subject taught in schools and colleges! Join us and organize workshops, seminars or webinars together, and implement projects that inspire change!<\/p>\t\t\t\t\t\t\t\t<\/div>\n\t\t\t\t<\/div>\n\t\t\t\t\t<\/div>\n\t\t<\/div>\n\t\t\t\t\t<\/div>\n\t\t<\/section>\n\t\t\t\t<section class=\"elementor-section elementor-top-section elementor-element elementor-element-3bc8e55c elementor-section-boxed elementor-section-height-default elementor-section-height-default\" data-id=\"3bc8e55c\" data-element_type=\"section\">\n\t\t\t\t\t\t<div class=\"elementor-container elementor-column-gap-default\">\n\t\t\t\t\t<div class=\"elementor-column elementor-col-33 elementor-top-column elementor-element elementor-element-60c71ff7\" data-id=\"60c71ff7\" data-element_type=\"column\" data-settings=\"{&quot;background_background&quot;:&quot;classic&quot;}\">\n\t\t\t<div class=\"elementor-widget-wrap elementor-element-populated\">\n\t\t\t\t\t\t<div class=\"elementor-element elementor-element-9bd3d7c elementor-view-framed elementor-shape-circle elementor-widget elementor-widget-icon\" data-id=\"9bd3d7c\" data-element_type=\"widget\" data-widget_type=\"icon.default\">\n\t\t\t\t<div class=\"elementor-widget-container\">\n\t\t\t\t\t\t\t<div class=\"elementor-icon-wrapper\">\n\t\t\t<div class=\"elementor-icon\">\n\t\t\t<svg xmlns=\"http:\/\/www.w3.org\/2000\/svg\" xmlns:svg=\"http:\/\/www.w3.org\/2000\/svg\" id=\"svg5175\" height=\"512\" viewbox=\"0 0 16.933333 16.933334\" width=\"512\"><g id=\"layer1\" transform=\"translate(0 -280.067)\"><path id=\"path22342\" d=\"m1.3230447 281.12407c-.43516203 0-.79296903.35976-.79296903.79492v8.4668c0 .43516.357807.79297.79296903.79297h13.2285143c.435163 0 .794922-.35781.794922-.79297v-8.4668c0-.43516-.35976-.79492-.794922-.79492z\" fill=\"#e7ebef\"><\/path><path id=\"path22434\" d=\"m13.493232 281.12395c.435161 0 .794782.36014.794782.7953v7.9375c0 .43516-.359619.79272-.794782.79272h-12.1703164c-.43516292 0-.79271555-.35756-.79271555-.79272v.52916c0 .43517.35755263.79272.79271555.79272h13.2286504c.435163 0 .794782-.35755.794782-.79272v-8.46666c0-.43516-.359622-.7953-.794782-.7953z\" fill=\"#dbe1e7\"><\/path><path id=\"path22307\" d=\"m2.9127477 291.70805c-.728319 0-1.324219.59395-1.324219 1.32227v.26562c0 .72832.5959 1.32227 1.324219 1.32227.7283191 0 1.3222661-.59395 1.3222661-1.32227v-.26562c0-.72832-.593947-1.32227-1.3222661-1.32227z\" fill=\"#fdd5a6\"><\/path><path id=\"path22311\" d=\"m14.022263 291.70805c-.72832 0-1.322266.59395-1.322266 1.32227v.26562c0 .72832.593946 1.32227 1.322266 1.32227.728319 0 1.324218-.59395 1.324218-1.32227v-.26562c0-.72832-.595899-1.32227-1.324218-1.32227z\" fill=\"#fdd5a6\"><\/path><path id=\"path22324\" d=\"m2.9126127 291.7078c-.188333 0-.367072.0412-.529682.11265.4658989.20487.79375.6696.79375 1.20975v.26562c0 .54014-.3278511 1.00488-.79375 1.20974.16261.0715.341349.11266.529682.11266.7283191 0 1.3224011-.59409 1.3224011-1.3224v-.26562c0-.72832-.594082-1.3224-1.3224011-1.3224z\" fill=\"#fdcc93\"><\/path><path id=\"path22326\" d=\"m14.02408 291.7078c-.188333 0-.367072.0412-.529682.11265.465899.20487.79375.6696.79375 1.20975v.26562c0 .54014-.327851 1.00488-.79375 1.20974.16261.0715.341349.11266.529682.11266.728319 0 1.322401-.59409 1.322401-1.3224v-.26562c0-.72832-.594082-1.3224-1.322401-1.3224z\" fill=\"#fdcc93\"><\/path><path id=\"path22303\" d=\"m8.4657637 291.70805c-.7283201 0-1.3242189.59395-1.3242189 1.32227v.26562c0 .72832.5958988 1.32227 1.3242189 1.32227.7283191 0 1.322265-.59395 1.322265-1.32227v-.26562c0-.72832-.5939459-1.32227-1.322265-1.32227z\" fill=\"#fdd5a6\"><\/path><path id=\"path22313\" d=\"m8.4657608 291.7078c-.1883341 0-.3670731.0412-.5296831.11265.465899.20487.79375.6696.79375 1.20975v.26562c0 .54014-.327851 1.00488-.79375 1.20974.16261.0715.341349.11266.5296831.11266.7283178 0 1.3224-.59409 1.3224-1.3224v-.26562c0-.72832-.5940822-1.3224-1.3224-1.3224z\" fill=\"#fdcc93\"><\/path><path id=\"path22338\" d=\"m1.8523417 282.18266a.26460982.26460982 0 0 0 -.265625.26563v7.4082a.26460982.26460982 0 0 0 .265625.26367h12.1699213a.26460982.26460982 0 0 0 .265625-.26367v-7.4082a.26460982.26460982 0 0 0 -.265625-.26563z\" fill=\"#68b1fc\"><\/path><path id=\"path22291\" d=\"m2.1179667 294.08891c-.8748941 0-1.58787901.713-1.58789103 1.58789v.5293a.26460982.26460982 0 0 0 .265625.26562h4.23242203a.26460982.26460982 0 0 0 .265625-.26562v-.5293c0-.8749-.7129971-1.58789-1.58789-1.58789z\" fill=\"#fc6067\"><\/path><path id=\"path22295\" d=\"m9.2606856 294.08891c.8748934 0 1.5878774.713 1.5878894 1.58789v.5293a.26460982.26460982 0 0 1 -.265625.26562h-4.2324202a.26460982.26460982 0 0 1 -.2656261-.26562v-.5293c0-.8749.7129981-1.58789 1.5878911-1.58789z\" fill=\"#68b1fc\"><\/path><path id=\"path22299\" d=\"m14.819137 294.08891c.874894 0 1.585926.713 1.585938 1.58789v.5293a.26460982.26460982 0 0 1 -.263672.26562h-4.232422a.26460982.26460982 0 0 1 -.265625-.26562v-.5293c0-.8749.712997-1.58789 1.587891-1.58789z\" fill=\"#59e78b\"><\/path><path id=\"path22315\" d=\"m9.5246117 295.94268h-3.1739679c-.1469332.00053-.2661812-.11868-.2656152-.26561v.52916c-.0005292.14693.118687.26618.2656152.26562h4.2323012c.146928.00053.266176-.11869.265615-.26562v-.52968c-.000011-.8749-.713122-1.5875-1.5880152-1.5875h-1.0583331c.8748919 0 1.5880049.7126 1.588016 1.58776.0005292.14719-.118682.26644-.265616.26587z\" fill=\"#4fa4fb\"><\/path><path id=\"path22328\" d=\"m15.081126 295.94268h-3.173968c-.146934.00053-.266181-.11868-.265615-.26561v.52916c-.000529.14693.118687.26618.265615.26562h4.232302c.146928.00053.266176-.11869.265615-.26562v-.52968c-.000011-.8749-.713124-1.5875-1.588016-1.5875h-1.058333c.874892 0 1.588005.7126 1.588016 1.58776.000529.14719-.118682.26644-.265616.26587z\" fill=\"#41e37a\"><\/path><path id=\"path22330\" d=\"m3.9697989 295.94268h-3.17396821c-.146934.00053-.266181-.11868-.265615-.26561v.52916c-.00052917.14693.11868701.26618.265615.26562h4.23230201c.1469279.00053.2661759-.11869.265615-.26562v-.52968c-.0000109-.8749-.7131241-1.5875-1.588016-1.5875h-1.0583331c.8748922 0 1.5880051.7126 1.588016 1.58776.0005292.14719-.1186818.26644-.2656157.26587z\" fill=\"#fb4f56\"><\/path><path id=\"path22429\" d=\"m1.8525982 282.1828c-.1471295-.00079-.2666947.11848-.2661338.26561v7.40834c.0005292.14632.1198113.26439.2661338.26355h1.0583334c-.1461691.00053-.2656153-.11738-.2661338-.26355v-6.87917c-.0005292-.14693.1192001-.26618.2661338-.26561h11.1114674c.146934-.00053.266181.11868.265615.26561v-.52917c.000529-.14692-.118689-.26617-.265615-.26561z\" fill=\"#4fa4fb\"><\/path><path id=\"path22417\" d=\"m8.731249 280.59685c-.4351549 0-.7927155.35755-.7927155.79271v4.2323c0 .43516.3575606.7953.7927155.7953h.2635488v1.32189a.26460982.26460982 0 0 0 .4377003.20154l1.7771529-1.52343h4.400248c.43516 0 .7953-.36013.7953-.7953v-4.2323c0-.43516-.36014-.79271-.7953-.79271z\" fill=\"#fc6067\"><\/path><path id=\"path22427\" d=\"m10.848431 282.1828v2.64635c.000045.20741.227862.33414.404111.22479l2.117183-1.3224c.166132-.10359.166132-.34547 0-.44907l-2.117183-1.32446c-.158906-.0994-.404111-.003-.404111.22479z\" fill=\"#e7ebef\"><\/path><path id=\"path22439\" d=\"m14.551566 280.59685c.43516 0 .7953.35755.7953.79271v3.70314c0 .43516-.36014.7953-.7953.7953h-3.341915l-1.7771529 1.52342c-.1719078.14868-.4390232.0257-.4377003-.20154v.52917c-.00132.22728.2657925.35021.4377003.20154l1.7771529-1.52343h4.400248c.43516 0 .7953-.36013.7953-.7953v-4.2323c0-.43516-.36014-.79271-.7953-.79271z\" fill=\"#fb4f56\"><\/path><path id=\"path9871-9-6\" d=\"m4.2330706 288.0057c-.874894 0-1.5880179.71053-1.5880179 1.58543v.52865h5.8223829v-.52865c0-.8749-.7126039-1.58543-1.5875-1.58543z\" fill=\"#fcbc60\"><\/path><path id=\"path22408\" d=\"m5.8213483 288.0057c.8748977 0 1.5875.71053 1.5875 1.58543v.52865h1.0583333v-.52865c0-.8749-.7126023-1.58543-1.5875-1.58543z\" fill=\"#fbb04f\"><\/path><path id=\"path9878-9-3\" d=\"m4.4986856 286.94685v1.3224c-.0002598.0203.0019.0406.0062.0605 0 0 .04662.19629.2030889.37672.1564618.18042.4450159.35553.849562.35553.4045479 0 .69103-.17511.8474919-.35553.1564211-.18043.2030891-.37672.2030891-.37672.0044-.0198.0065-.0401.0062-.0605v-1.3224z\" fill=\"#fdd5a6\"><\/path><path id=\"path9906-3-7\" d=\"m4.4986856 286.94685v1.03301c.3123922.18239.6737461.28887 1.0588522.28887.3845848 0 .7449849-.10632 1.0567829-.28836v-1.03352z\" fill=\"#fdcc93\"><\/path><path id=\"path9864-2-1\" d=\"m3.9695208 285.09321v1.05885c-.0000111.87491.7131209 1.5875 1.588018 1.5875.8749028 0 1.5859499-.71261 1.5859499-1.5875v-1.05885z\" fill=\"#fdd5a6\"><\/path><path id=\"path9895-7-4\" d=\"m6.0851556 285.09321v1.05885c0 .68916-.441855 1.2762-1.0567829 1.495.1658829.059.3434241.0925.5291661.0925.8749028 0 1.5859499-.71261 1.5859499-1.5875v-1.05885z\" fill=\"#fdcc93\"><\/path><path id=\"path9857-2-7\" d=\"m5.2919218 283.24165c-.8749012 0-1.5880191.71311-1.588016 1.58801v.79272c-.0007937.14713.1184849.26669.265615.26613h.7927178c.6754832 0 1.3733892-.3457 1.5492601-.45888l.3808539.38034c.04957.0501.117089.0784.1875841.0786h.263552c.1471289.00053.266464-.11901.2656149-.26614v-.79271c0-.87491-.7131209-1.58802-1.5880159-1.58802z\" fill=\"#5a626e\"><\/path><path id=\"path9893-8-1\" d=\"m5.2919218 283.24165c-.09031 0-.17833.01-.2645841.0243.7493719.12675 1.3234331.77913 1.3234331 1.56373v.63923l.3415818.34107c.04957.0501.117089.0784.1875841.0786h.263552c.1471289.00053.266464-.11901.2656149-.26614v-.79271c0-.87491-.7131209-1.58802-1.5880159-1.58802z\" fill=\"#515663\"><\/path><\/g><\/svg>\t\t\t<\/div>\n\t\t<\/div>\n\t\t\t\t\t\t<\/div>\n\t\t\t\t<\/div>\n\t\t\t\t<div class=\"elementor-element elementor-element-6dc7d1bc elementor-widget elementor-widget-heading\" data-id=\"6dc7d1bc\" data-element_type=\"widget\" data-widget_type=\"heading.default\">\n\t\t\t\t<div class=\"elementor-widget-container\">\n\t\t\t\t\t<h2 class=\"elementor-heading-title elementor-size-default\">Workshops and training<\/h2>\t\t\t\t<\/div>\n\t\t\t\t<\/div>\n\t\t\t\t<div class=\"elementor-element elementor-element-7026b34d elementor-widget elementor-widget-text-editor\" data-id=\"7026b34d\" data-element_type=\"widget\" data-widget_type=\"text-editor.default\">\n\t\t\t\t<div class=\"elementor-widget-container\">\n\t\t\t\t\t\t\t\t\t<p><span style=\"font-weight: 400;\">Hire Bojana as a lecturer at your workshops or seminars. The range of topics is wide: from career development, freelancing, entrepreneurship... You choose<\/span><\/p>\t\t\t\t\t\t\t\t<\/div>\n\t\t\t\t<\/div>\n\t\t\t\t\t<\/div>\n\t\t<\/div>\n\t\t\t\t<div class=\"elementor-column elementor-col-33 elementor-top-column elementor-element elementor-element-2e8e65d7\" data-id=\"2e8e65d7\" data-element_type=\"column\" data-settings=\"{&quot;background_background&quot;:&quot;classic&quot;}\">\n\t\t\t<div class=\"elementor-widget-wrap elementor-element-populated\">\n\t\t\t\t\t\t<div class=\"elementor-element elementor-element-a8d40e9 elementor-view-framed elementor-shape-circle elementor-widget elementor-widget-icon\" data-id=\"a8d40e9\" data-element_type=\"widget\" data-widget_type=\"icon.default\">\n\t\t\t\t<div class=\"elementor-widget-container\">\n\t\t\t\t\t\t\t<div class=\"elementor-icon-wrapper\">\n\t\t\t<div class=\"elementor-icon\">\n\t\t\t<svg xmlns=\"http:\/\/www.w3.org\/2000\/svg\" xmlns:xlink=\"http:\/\/www.w3.org\/1999\/xlink\" id=\"Capa_1\" x=\"0px\" y=\"0px\" viewbox=\"0 0 512 512\" style=\"enable-background:new 0 0 512 512;\" xml:space=\"preserve\" width=\"512\" height=\"512\"><g>\t<path style=\"fill:#3872B7;\" d=\"M41.587,163.269v24.255c0,7.499,6.079,13.578,13.578,13.578h401.67   c7.499,0,13.578-6.079,13.578-13.578v-24.255c0-7.499-6.079-13.578-13.578-13.578H55.165   C47.666,149.691,41.587,155.77,41.587,163.269z\"><\/path>\t<path style=\"fill:#254E87;\" d=\"M239.701,151.678c-0.503-0.66-0.975-1.323-1.431-1.986h-63.795l-8.402,8.509   c-3.047,3.086-3.655,7.826-1.487,11.581l13.145,22.768c2.168,3.755,6.578,5.599,10.774,4.503l27.17-7.096   c5.479,4.229,11.528,7.752,18.02,10.426l0.197,0.719h59.333l0.198-0.719c6.492-2.675,12.54-6.197,18.02-10.426l27.17,7.096   c4.195,1.096,8.606-0.747,10.774-4.503l13.145-22.768c2.168-3.755,1.559-8.496-1.487-11.581l-8.402-8.509h-64.955   C276.98,161.495,257.733,165.411,239.701,151.678z\"><\/path>\t<path style=\"fill:#254E87;\" d=\"M456.835,149.691h-28.91c7.499,0,13.578,6.079,13.578,13.577v24.256   c0,7.498-6.079,13.577-13.578,13.577h28.91c7.499,0,13.578-6.079,13.578-13.577v-24.256   C470.413,155.77,464.334,149.691,456.835,149.691z\"><\/path>\t<rect x=\"76.678\" y=\"201.102\" style=\"fill:#EBEEF2;\" width=\"358.644\" height=\"278.452\"><\/rect>\t<rect x=\"410.524\" y=\"201.102\" style=\"fill:#C9CDD3;\" width=\"24.798\" height=\"278.452\"><\/rect>\t<rect x=\"76.678\" y=\"201.102\" style=\"fill:#C9CDD3;\" width=\"358.644\" height=\"33.411\"><\/rect>\t<rect x=\"186.383\" y=\"330.69\" style=\"fill:#7CCCF2;\" width=\"139.234\" height=\"148.865\"><\/rect>\t<rect x=\"186.383\" y=\"330.69\" style=\"fill:#4FACDB;\" width=\"139.234\" height=\"24.208\"><\/rect>\t<rect x=\"248.274\" y=\"330.69\" style=\"fill:#4FACDB;\" width=\"15.453\" height=\"148.865\"><\/rect>\t<rect x=\"248.274\" y=\"330.69\" style=\"fill:#2B93BC;\" width=\"15.453\" height=\"24.208\"><\/rect>\t<path style=\"fill:#EC6B59;\" d=\"M334.463,106.695c0-3.528-0.256-6.995-0.707-10.4l19.73-19.982   c3.047-3.085,3.655-7.826,1.487-11.582l-13.145-22.768c-2.168-3.755-6.578-5.598-10.774-4.503l-27.17,7.096   c-5.479-4.229-11.528-7.751-18.019-10.426l-7.433-27.051C277.283,2.898,273.481,0,269.145,0h-26.29   c-4.336,0-8.137,2.898-9.286,7.079l-7.433,27.051c-6.492,2.675-12.54,6.197-18.019,10.426l-27.17-7.096   c-4.195-1.096-8.606,0.748-10.774,4.503l-13.145,22.768c-2.168,3.755-1.559,8.496,1.487,11.582l19.73,19.982   c-0.451,3.405-0.707,6.872-0.707,10.4c0,3.528,0.256,6.995,0.707,10.4l-19.729,19.982c-3.047,3.085-3.655,7.826-1.487,11.582   l13.145,22.768c2.168,3.755,6.578,5.598,10.774,4.503l27.17-7.096c5.479,4.229,11.528,7.751,18.02,10.426l7.433,27.051   c1.149,4.181,4.95,7.079,9.286,7.079h26.29c4.336,0,8.138-2.898,9.286-7.079l7.433-27.051c6.492-2.675,12.54-6.197,18.02-10.426   l27.17,7.096c4.195,1.096,8.606-0.748,10.774-4.503l13.145-22.768c2.168-3.755,1.559-8.496-1.487-11.582l-19.729-19.982   C334.207,113.69,334.463,110.223,334.463,106.695z M279.858,82.836c26.553,34.861-12.855,74.269-47.716,47.718   C205.589,95.693,244.997,56.283,279.858,82.836z\"><\/path>\t<path style=\"fill:#3872B7;\" d=\"M163.295,313.847L163.295,313.847c0,9.302,7.54,16.842,16.842,16.842h151.725   c9.302,0,16.842-7.54,16.842-16.842v0c0-9.302-7.54-16.842-16.842-16.842H180.138C170.836,297.005,163.295,304.546,163.295,313.847   z\"><\/path>\t<g>\t\t<path style=\"fill:#7CCCF2;\" d=\"M405.462,418.854h-47.174c-2.796,0-5.062-2.266-5.062-5.062v-56.698    c0-2.796,2.266-5.062,5.062-5.062h47.174c2.796,0,5.062,2.266,5.062,5.062v56.698    C410.524,416.587,408.258,418.854,405.462,418.854z\"><\/path>\t\t<path style=\"fill:#7CCCF2;\" d=\"M153.712,418.854h-47.174c-2.796,0-5.062-2.266-5.062-5.062v-56.698    c0-2.796,2.266-5.062,5.062-5.062h47.174c2.796,0,5.062,2.266,5.062,5.062v56.698    C158.775,416.587,156.508,418.854,153.712,418.854z\"><\/path>\t<\/g>\t<path style=\"fill:#EC6B59;\" d=\"M41.587,484.617v22.321c0,2.796,2.266,5.062,5.062,5.062H465.35c2.796,0,5.062-2.266,5.062-5.062   v-22.321c0-2.796-2.266-5.062-5.062-5.062H46.649C43.854,479.554,41.587,481.821,41.587,484.617z\"><\/path>\t<path style=\"fill:#BC4142;\" d=\"M465.35,479.554h-28.91c2.796,0,5.062,2.267,5.062,5.062v22.321c0,2.796-2.266,5.062-5.062,5.062   h28.91c2.796,0,5.062-2.267,5.062-5.062v-22.321C470.413,481.821,468.146,479.554,465.35,479.554z\"><\/path><\/g><\/svg>\t\t\t<\/div>\n\t\t<\/div>\n\t\t\t\t\t\t<\/div>\n\t\t\t\t<\/div>\n\t\t\t\t<div class=\"elementor-element elementor-element-72f39fed elementor-widget elementor-widget-heading\" data-id=\"72f39fed\" data-element_type=\"widget\" data-widget_type=\"heading.default\">\n\t\t\t\t<div class=\"elementor-widget-container\">\n\t\t\t\t\t<h2 class=\"elementor-heading-title elementor-size-default\">Digital career center<\/h2>\t\t\t\t<\/div>\n\t\t\t\t<\/div>\n\t\t\t\t<div class=\"elementor-element elementor-element-236ac108 elementor-widget elementor-widget-text-editor\" data-id=\"236ac108\" data-element_type=\"widget\" data-widget_type=\"text-editor.default\">\n\t\t\t\t<div class=\"elementor-widget-container\">\n\t\t\t\t\t\t\t\t\t<p><span style=\"font-weight: 400;\">If you are a representative of a school or university, rent our digital career center that is available 24\/7 for your students and users <\/span><\/p>\t\t\t\t\t\t\t\t<\/div>\n\t\t\t\t<\/div>\n\t\t\t\t\t<\/div>\n\t\t<\/div>\n\t\t\t\t<div class=\"elementor-column elementor-col-33 elementor-top-column elementor-element elementor-element-37f36ead\" data-id=\"37f36ead\" data-element_type=\"column\" data-settings=\"{&quot;background_background&quot;:&quot;classic&quot;}\">\n\t\t\t<div class=\"elementor-widget-wrap elementor-element-populated\">\n\t\t\t\t\t\t<div class=\"elementor-element elementor-element-1c075ec6 elementor-view-framed elementor-shape-circle elementor-widget elementor-widget-icon\" data-id=\"1c075ec6\" data-element_type=\"widget\" data-widget_type=\"icon.default\">\n\t\t\t\t<div class=\"elementor-widget-container\">\n\t\t\t\t\t\t\t<div class=\"elementor-icon-wrapper\">\n\t\t\t<div class=\"elementor-icon\">\n\t\t\t<svg xmlns=\"http:\/\/www.w3.org\/2000\/svg\" id=\"Flat\" height=\"512\" viewbox=\"0 0 64 64\" width=\"512\"><path d=\"m44.095 26.401 11 19.053 7.905-4.564v-25.403z\" fill=\"#6a7f91\"><\/path><path d=\"m44.095 26.401 11 19.053 7.905-4.564v-25.403z\" fill=\"#788d9e\"><\/path><path d=\"m45.096 28.133 9.999 17.321 7.905-4.564v-23.094z\" fill=\"#6a7f91\"><\/path><path d=\"m35.188 58.1 8.283-4.782a15 15 0 0 0 6.294-7.1l4.33-2.5-9-15.589-4.33 2.5-3.556-.541a8 8 0 0 0 -5.2.98l-7.962 4.6\" fill=\"#f5c0a6\"><\/path><path d=\"m32.467 54.679 3.533 4.213a2.5 2.5 0 0 1 -.308 3.523 2.5 2.5 0 0 1 -3.521-.307l-3.359-4.008 1.032 1.2-9.315-5.98a15 15 0 0 1 -6.294-7.1l-4.33-2.5 9-15.589 4.33 2.5 3.556-.541a8 8 0 0 1 5.2.98l7.962 4.6\" fill=\"#fcd4c5\"><\/path><path d=\"m37.53 37.377 11.248 13.406a2.5 2.5 0 0 1 -.308 3.522 2.5 2.5 0 0 1 -3.522-.305l-11.248-13.409\" fill=\"#fcd4c5\"><\/path><path d=\"m33.7 40.591 12.312 14.674a2.5 2.5 0 0 1 -.308 3.522 2.5 2.5 0 0 1 -3.522-.309l-12.313-14.673\" fill=\"#fcd4c5\"><\/path><path d=\"m29.869 43.805 11.249 13.406a2.5 2.5 0 0 1 -.308 3.522 2.5 2.5 0 0 1 -3.522-.308l-11.249-13.406\" fill=\"#fcd4c5\"><\/path><path d=\"m38.978 49.216a.75.75 0 0 1 .093-1.057.75.75 0 0 1 1.056.092l5.885 7.014a2.5 2.5 0 0 1 -.308 3.522 2.473 2.473 0 0 1 -.657.384 2.49 2.49 0 0 0 -.184-2.942z\" fill=\"#f9c9b2\"><\/path><g fill=\"#f5c0a6\"><rect height=\"5\" rx=\"2.5\" transform=\"matrix(.643 -.766 .766 .643 -32.898 32.14)\" width=\"7.728\" x=\"14.15\" y=\"48.845\"><\/rect><rect height=\"5\" rx=\"2.5\" transform=\"matrix(.643 -.766 .766 .643 -34.667 36.041)\" width=\"9.383\" x=\"16.62\" y=\"52.693\"><\/rect><rect height=\"5\" rx=\"2.5\" transform=\"matrix(.643 -.766 .766 .643 -35.086 40.304)\" width=\"7.728\" x=\"21.81\" y=\"55.273\"><\/rect><path d=\"m29.785 57.721h.727a2.5 2.5 0 0 1 2.5 2.5 2.5 2.5 0 0 1 -2.5 2.5h-.729a2.5 2.5 0 0 1 -2.5-2.5 2.5 2.5 0 0 1 2.502-2.5z\" transform=\"matrix(.643 -.766 .766 .643 -35.362 44.607)\"><\/path><path d=\"m40.765 30.633-3.556-.541a8 8 0 0 0 -5.2.98l-8.36 4.828a2.5 2.5 0 0 0 -.915 3.415 2.5 2.5 0 0 0 3.415.915l6.495-3.75a8 8 0 0 0 10.929 2.929\"><\/path><\/g><path d=\"m49.193 23.427h6v22h-6z\" fill=\"#f5fdff\" transform=\"matrix(.866 -.5 .5 .866 -10.221 30.709)\"><\/path><path d=\"m19.905 26.401-11 19.053-7.905-4.564v-25.403z\" fill=\"#788d9e\"><\/path><path d=\"m1 40.89 7.905 4.564 9.999-17.321-17.904-10.337z\" fill=\"#6a7f91\"><\/path><path d=\"m.806 31.427h22v6h-22z\" fill=\"#f5fdff\" transform=\"matrix(.5 -.866 .866 .5 -23.912 27.438)\"><\/path><path d=\"m36.3 51.465a.749.749 0 0 0 -1.056-.092.75.75 0 0 0 -.093 1.057l4.821 5.745a2.492 2.492 0 0 1 .185 2.942 2.467 2.467 0 0 0 .656-.384 2.5 2.5 0 0 0 .308-3.523z\" fill=\"#f9c9b2\"><\/path><path d=\"m31.318 55.644a.75.75 0 0 1 .092-1.057.751.751 0 0 1 1.057.092l3.533 4.214a2.5 2.5 0 0 1 -.308 3.522 2.473 2.473 0 0 1 -.657.384 2.49 2.49 0 0 0 -.184-2.942z\" fill=\"#f9c9b2\"><\/path><path d=\"m19.656 50.943-1.756 2.089a2.491 2.491 0 0 1 -2.865.693 2.459 2.459 0 0 0 .493.58 2.5 2.5 0 0 0 3.524-.305l1.753-2.09a2.468 2.468 0 0 0 -.965-3.91 2.493 2.493 0 0 1 -.184 2.943z\" fill=\"#ebb69d\"><\/path><path d=\"m23.486 54.157-2.817 3.357a2.493 2.493 0 0 1 -2.866.693 2.467 2.467 0 0 0 4.015.271l2.817-3.357a2.469 2.469 0 0 0 -.964-3.907 2.493 2.493 0 0 1 -.185 2.943z\" fill=\"#ebb69d\"><\/path><path d=\"m27.316 57.371-1.753 2.089a2.492 2.492 0 0 1 -2.866.693 2.467 2.467 0 0 0 4.015.272l1.753-2.09a2.469 2.469 0 0 0 -.964-3.907 2.493 2.493 0 0 1 -.185 2.943z\" fill=\"#ebb69d\"><\/path><path d=\"m31.149 60.584-.468.558a2.492 2.492 0 0 1 -2.867.692 2.47 2.47 0 0 0 4.016.272l.468-.557a2.5 2.5 0 0 0 -.308-3.522 2.447 2.447 0 0 0 -.655-.384 2.492 2.492 0 0 1 -.186 2.941z\" fill=\"#ebb69d\"><\/path><path d=\"m1.306 32.293h20v6h-20z\" fill=\"#e6f5fa\" transform=\"matrix(.5 -.866 .866 .5 -24.912 27.438)\"><\/path><path d=\"m49.193 23.427h6v22h-6z\" fill=\"#f5fdff\" transform=\"matrix(.866 -.5 .5 .866 -10.221 30.709)\"><\/path><path d=\"m49.694 25.293h6v20h-6z\" fill=\"#e6f5fa\" transform=\"matrix(.866 -.5 .5 .866 -10.587 31.075)\"><\/path><circle cx=\"32\" cy=\"13\" fill=\"#b6f085\" r=\"12\"><\/circle><path d=\"m34 3a11.988 11.988 0 0 0 -9.419 19.419 11.988 11.988 0 0 0 16.838-16.838 11.93 11.93 0 0 0 -7.419-2.581z\" fill=\"#a0e576\"><\/path><path d=\"m29.525 15.121-2.475-2.475a1.5 1.5 0 0 0 -2.121 0 1.5 1.5 0 0 0 0 2.122l3.535 3.532a1.5 1.5 0 0 0 2.122 0l8.485-8.485a1.5 1.5 0 0 0 0-2.121 1.5 1.5 0 0 0 -2.121 0z\" fill=\"#fff\"><\/path><\/svg>\t\t\t<\/div>\n\t\t<\/div>\n\t\t\t\t\t\t<\/div>\n\t\t\t\t<\/div>\n\t\t\t\t<div class=\"elementor-element elementor-element-581caa30 elementor-widget elementor-widget-heading\" data-id=\"581caa30\" data-element_type=\"widget\" data-widget_type=\"heading.default\">\n\t\t\t\t<div class=\"elementor-widget-container\">\n\t\t\t\t\t<h2 class=\"elementor-heading-title elementor-size-default\">Project collaboration<\/h2>\t\t\t\t<\/div>\n\t\t\t\t<\/div>\n\t\t\t\t<div class=\"elementor-element elementor-element-3378d824 elementor-widget elementor-widget-text-editor\" data-id=\"3378d824\" data-element_type=\"widget\" data-widget_type=\"text-editor.default\">\n\t\t\t\t<div class=\"elementor-widget-container\">\n\t\t\t\t\t\t\t\t\t<p><span style=\"font-weight: 400;\">If you are an NGO representative, we can collaborate on various projects. Contact us!<\/span><\/p>\t\t\t\t\t\t\t\t<\/div>\n\t\t\t\t<\/div>\n\t\t\t\t\t<\/div>\n\t\t<\/div>\n\t\t\t\t\t<\/div>\n\t\t<\/section>\n\t\t\t\t<section class=\"elementor-section elementor-top-section elementor-element elementor-element-ad105d4 elementor-section-boxed elementor-section-height-default elementor-section-height-default\" data-id=\"ad105d4\" data-element_type=\"section\">\n\t\t\t\t\t\t<div class=\"elementor-container elementor-column-gap-default\">\n\t\t\t\t\t<div class=\"elementor-column elementor-col-100 elementor-top-column elementor-element elementor-element-f2b8856\" data-id=\"f2b8856\" data-element_type=\"column\">\n\t\t\t<div class=\"elementor-widget-wrap elementor-element-populated\">\n\t\t\t\t\t\t<div class=\"elementor-element elementor-element-3a41d22d elementor-align-center elementor-widget elementor-widget-button\" data-id=\"3a41d22d\" data-element_type=\"widget\" data-widget_type=\"button.default\">\n\t\t\t\t<div class=\"elementor-widget-container\">\n\t\t\t\t\t\t\t\t\t<div class=\"elementor-button-wrapper\">\n\t\t\t\t\t<a class=\"elementor-button elementor-button-link elementor-size-lg\" href=\"https:\/\/minutadoposla.com\/en\/contact\/\">\n\t\t\t\t\t\t<span class=\"elementor-button-content-wrapper\">\n\t\t\t\t\t\t\t\t\t<span class=\"elementor-button-text\">Contact us<\/span>\n\t\t\t\t\t<\/span>\n\t\t\t\t\t<\/a>\n\t\t\t\t<\/div>\n\t\t\t\t\t\t\t\t<\/div>\n\t\t\t\t<\/div>\n\t\t\t\t\t<\/div>\n\t\t<\/div>\n\t\t\t\t\t<\/div>\n\t\t<\/section>\n\t\t\t\t<\/div>","protected":false},"excerpt":{"rendered":"<p>Ponuda za institucije Va\u0161a misija je da osna\u017eite ljude u razvoju karijere? Super, na istom smo brodu \ud83d\ude42 U na\u0161oj viziji budu\u0107nosti, razvoj karijere je predmet koji se u\u010di u \u0161kolama i na fakultetima! Udru\u017eite se sa nama i organizujmo zajedno radionice, seminare ili webinare, i sprovodimo projekte koji inspiri\u0161u promjene! &nbsp; Radionice i seminari [&hellip;]<\/p>","protected":false},"author":2,"featured_media":0,"parent":0,"menu_order":0,"comment_status":"closed","ping_status":"closed","template":"","meta":{"inline_featured_image":false,"order-bump-settings":[],"_wpfnl_thankyou_order_overview":"on","_wpfnl_thankyou_order_details":"on","_wpfnl_thankyou_billing_details":"on","_wpfnl_thankyou_shipping_details":"on","footnotes":""},"class_list":["post-241","page","type-page","status-publish","hentry"],"jetpack_sharing_enabled":true,"_links":{"self":[{"href":"https:\/\/minutadoposla.com\/en\/wp-json\/wp\/v2\/pages\/241","targetHints":{"allow":["GET"]}}],"collection":[{"href":"https:\/\/minutadoposla.com\/en\/wp-json\/wp\/v2\/pages"}],"about":[{"href":"https:\/\/minutadoposla.com\/en\/wp-json\/wp\/v2\/types\/page"}],"author":[{"embeddable":true,"href":"https:\/\/minutadoposla.com\/en\/wp-json\/wp\/v2\/users\/2"}],"replies":[{"embeddable":true,"href":"https:\/\/minutadoposla.com\/en\/wp-json\/wp\/v2\/comments?post=241"}],"version-history":[{"count":26,"href":"https:\/\/minutadoposla.com\/en\/wp-json\/wp\/v2\/pages\/241\/revisions"}],"predecessor-version":[{"id":2112,"href":"https:\/\/minutadoposla.com\/en\/wp-json\/wp\/v2\/pages\/241\/revisions\/2112"}],"wp:attachment":[{"href":"https:\/\/minutadoposla.com\/en\/wp-json\/wp\/v2\/media?parent=241"}],"curies":[{"name":"wp","href":"https:\/\/api.w.org\/{rel}","templated":true}]}}