{"id":268,"date":"2023-08-25T08:15:30","date_gmt":"2023-08-25T08:15:30","guid":{"rendered":"https:\/\/minutadoposla.com\/?page_id=268"},"modified":"2026-02-23T10:20:51","modified_gmt":"2026-02-23T10:20:51","slug":"konsultacije","status":"publish","type":"page","link":"https:\/\/minutadoposla.com\/en\/consultation\/","title":{"rendered":"Consultation"},"content":{"rendered":"<div data-elementor-type=\"wp-page\" data-elementor-id=\"268\" class=\"elementor elementor-268\" data-elementor-post-type=\"page\">\n\t\t\t\t\t\t<section class=\"elementor-section elementor-top-section elementor-element elementor-element-256eeb19 elementor-section-boxed elementor-section-height-default elementor-section-height-default\" data-id=\"256eeb19\" data-element_type=\"section\">\n\t\t\t\t\t\t<div class=\"elementor-container elementor-column-gap-default\">\n\t\t\t\t\t<div class=\"elementor-column elementor-col-50 elementor-top-column elementor-element elementor-element-2b8be1e2\" data-id=\"2b8be1e2\" data-element_type=\"column\">\n\t\t\t<div class=\"elementor-widget-wrap elementor-element-populated\">\n\t\t\t\t\t\t<div class=\"elementor-element elementor-element-1c1b845c elementor-widget elementor-widget-heading\" data-id=\"1c1b845c\" data-element_type=\"widget\" data-widget_type=\"heading.default\">\n\t\t\t\t<div class=\"elementor-widget-container\">\n\t\t\t\t\t<h1 class=\"elementor-heading-title elementor-size-default\">Zaka\u017ei konsultacije sa Bojanom<\/h1>\t\t\t\t<\/div>\n\t\t\t\t<\/div>\n\t\t\t\t<div class=\"elementor-element elementor-element-5aed46b8 elementor-widget elementor-widget-text-editor\" data-id=\"5aed46b8\" data-element_type=\"widget\" data-widget_type=\"text-editor.default\">\n\t\t\t\t<div class=\"elementor-widget-container\">\n\t\t\t\t\t\t\t\t\t<p><span style=\"font-weight: 400;\">Ovdje si, jer se vjerovatno susre\u0107e\u0161 sa nekim od ovih izazova:<\/span><\/p><ul><li style=\"font-weight: 400;\" aria-level=\"1\"><span style=\"font-weight: 400;\">Na\u0161ao\/la si oglas kao skrojen za tebe, i treba ti neko ko \u0107e baciti pogled na tvoj CV i pomo\u0107i da unaprijedi\u0161 motivaciono pismo;<\/span><\/li><li style=\"font-weight: 400;\" aria-level=\"1\"><span style=\"font-weight: 400;\">Uskoro ima\u0161 va\u017ean razgovor za posao, i treba ti neko s kim \u0107e\u0161 da vje\u017eba\u0161 i da se adekvatno pripremi\u0161;<\/span><\/li><li style=\"font-weight: 400;\" aria-level=\"1\"><span style=\"font-weight: 400;\">Ima\u0161 Linkedin profil, ali ti treba neko iskusan da ga pogleda, i sugeri\u0161e izmjene;<\/span><\/li><li style=\"font-weight: 400;\" aria-level=\"1\"><span style=\"font-weight: 400;\">Ne zna\u0161 kako da se pona\u0161a\u0161 i \u0161ta da objavljuje\u0161 na Linkedinu;<\/span><\/li><li style=\"font-weight: 400;\" aria-level=\"1\"><span style=\"font-weight: 400;\">Ve\u0107 neko vrijeme razmi\u0161lja\u0161 o promjeni karijere, ali ne zna\u0161 odakle da po\u010dne\u0161;\u00a0<\/span><\/li><li style=\"font-weight: 400;\" aria-level=\"1\"><span style=\"font-weight: 400;\">Zna\u0161 da postoji mno\u0161tvo poslova koje mo\u017ee\u0161 da radi\u0161 od ku\u0107e, ali ne zna\u0161 \u0161ta je tvoj poziv;<\/span><\/li><li style=\"font-weight: 400;\" aria-level=\"1\"><p><span style=\"font-weight: 400;\">\u2026Ili ima\u0161 bilo kakvu drugu nedoumicu u vezi sa karijerom!<\/span><\/p><\/li><\/ul><p><span style=\"font-weight: 400;\">Ako je tako, vjerujem da mogu da ti pomognem!<\/span><\/p><p>Konsultacije \u0107e trajati 60 minuta.<\/p><p><b>Cijena konsultacija je 120\u20ac.<\/b><\/p><p>Ovo je jedna od onih stvari koja, \u0161to se du\u017ee odla\u017ee, to postaje sve te\u017ea i tonete sve dublje&#8230; Zato, odlu\u010dite da VE\u0106 DANAS rije\u0161i\u0161 svoje karijerne izazove!<\/p><p>Nakon \u0161to popuni\u0161 upitnik ispod, ocijeni\u0107u da li smo kompatibilni i kako mo\u017eemo da radimo zajedno, a nakon toga dobi\u0107e\u0161 instrukcije za uplatu i poziv za Google Meet sastanak.<\/p>\t\t\t\t\t\t\t\t<\/div>\n\t\t\t\t<\/div>\n\t\t\t\t<div class=\"elementor-element elementor-element-d2b7caa elementor-button-align-stretch elementor-widget elementor-widget-form\" data-id=\"d2b7caa\" data-element_type=\"widget\" data-settings=\"{&quot;step_next_label&quot;:&quot;\\u0421\\u043b\\u0435\\u0434\\u0435\\u045b\\u0438&quot;,&quot;step_previous_label&quot;:&quot;\\u041f\\u0440\\u0435\\u0442\\u0445\\u043e\\u0434\\u043d\\u0430&quot;,&quot;button_width&quot;:&quot;100&quot;,&quot;step_type&quot;:&quot;number_text&quot;,&quot;step_icon_shape&quot;:&quot;circle&quot;}\" data-widget_type=\"form.default\">\n\t\t\t\t<div class=\"elementor-widget-container\">\n\t\t\t\t\t\t\t<form class=\"elementor-form\" method=\"post\" name=\"Konsultacije forma\" action=\"\">\n\t\t\t<input type=\"hidden\" name=\"post_id\" value=\"268\"\/>\n\t\t\t<input type=\"hidden\" name=\"form_id\" value=\"d2b7caa\"\/>\n\t\t\t<input type=\"hidden\" name=\"referer_title\" value=\"\" \/>\n\n\t\t\t\n\t\t\t<div class=\"elementor-form-fields-wrapper elementor-labels-above\">\n\t\t\t\t\t\t\t\t<div class=\"elementor-field-type-text elementor-field-group elementor-column elementor-field-group-name elementor-col-50 elementor-field-required\">\n\t\t\t\t\t\t\t\t\t\t\t\t<label for=\"form-field-name\" class=\"elementor-field-label\">\n\t\t\t\t\t\t\t\tFull name:\t\t\t\t\t\t\t<\/label>\n\t\t\t\t\t\t\t\t\t\t\t\t\t\t<input size=\"1\" type=\"text\" name=\"form_fields[name]\" id=\"form-field-name\" class=\"elementor-field elementor-size-sm  elementor-field-textual\" required=\"required\">\n\t\t\t\t\t\t\t\t\t\t\t<\/div>\n\t\t\t\t\t\t\t\t<div class=\"elementor-field-type-email elementor-field-group elementor-column elementor-field-group-email elementor-col-50 elementor-field-required\">\n\t\t\t\t\t\t\t\t\t\t\t\t<label for=\"form-field-email\" class=\"elementor-field-label\">\n\t\t\t\t\t\t\t\tE-mail address:\t\t\t\t\t\t\t<\/label>\n\t\t\t\t\t\t\t\t\t\t\t\t\t\t<input size=\"1\" type=\"email\" name=\"form_fields[email]\" id=\"form-field-email\" class=\"elementor-field elementor-size-sm  elementor-field-textual\" required=\"required\">\n\t\t\t\t\t\t\t\t\t\t\t<\/div>\n\t\t\t\t\t\t\t\t<div class=\"elementor-field-type-checkbox elementor-field-group elementor-column elementor-field-group-field_afd4f47 elementor-col-50\">\n\t\t\t\t\t\t\t\t\t\t\t\t<label for=\"form-field-field_afd4f47\" class=\"elementor-field-label\">\n\t\t\t\t\t\t\t\tTrenutni status\t\t\t\t\t\t\t<\/label>\n\t\t\t\t\t\t<div class=\"elementor-field-subgroup\"><span class=\"elementor-field-option\"><input type=\"checkbox\" value=\"Zaposlen\/a\" id=\"form-field-field_afd4f47-0\" name=\"form_fields[field_afd4f47][]\"> <label for=\"form-field-field_afd4f47-0\">Employed<\/label><\/span><span class=\"elementor-field-option\"><input type=\"checkbox\" value=\"Nezaposlen\/a\" id=\"form-field-field_afd4f47-1\" name=\"form_fields[field_afd4f47][]\"> <label for=\"form-field-field_afd4f47-1\">Unemployed<\/label><\/span><span class=\"elementor-field-option\"><input type=\"checkbox\" value=\"Student\/kinja\" id=\"form-field-field_afd4f47-2\" name=\"form_fields[field_afd4f47][]\"> <label for=\"form-field-field_afd4f47-2\">Student<\/label><\/span><span class=\"elementor-field-option\"><input type=\"checkbox\" value=\"Freelancer\/ka\" id=\"form-field-field_afd4f47-3\" name=\"form_fields[field_afd4f47][]\"> <label for=\"form-field-field_afd4f47-3\">Freelancer<\/label><\/span><span class=\"elementor-field-option\"><input type=\"checkbox\" value=\"Preduzetnik\/ca\" id=\"form-field-field_afd4f47-4\" name=\"form_fields[field_afd4f47][]\"> <label for=\"form-field-field_afd4f47-4\">Entrepreneur<\/label><\/span><span class=\"elementor-field-option\"><input type=\"checkbox\" value=\"Drugo\" id=\"form-field-field_afd4f47-5\" name=\"form_fields[field_afd4f47][]\"> <label for=\"form-field-field_afd4f47-5\">Other<\/label><\/span><\/div>\t\t\t\t<\/div>\n\t\t\t\t\t\t\t\t<div class=\"elementor-field-type-checkbox elementor-field-group elementor-column elementor-field-group-field_c271ef9 elementor-col-100\">\n\t\t\t\t\t\t\t\t\t\t\t\t<label for=\"form-field-field_c271ef9\" class=\"elementor-field-label\">\n\t\t\t\t\t\t\t\tKako si \u010duo\/la za mene?\t\t\t\t\t\t\t<\/label>\n\t\t\t\t\t\t<div class=\"elementor-field-subgroup\"><span class=\"elementor-field-option\"><input type=\"checkbox\" value=\"Google\" id=\"form-field-field_c271ef9-0\" name=\"form_fields[field_c271ef9][]\"> <label for=\"form-field-field_c271ef9-0\">on Google Search<\/label><\/span><span class=\"elementor-field-option\"><input type=\"checkbox\" value=\"Facebook\" id=\"form-field-field_c271ef9-1\" name=\"form_fields[field_c271ef9][]\"> <label for=\"form-field-field_c271ef9-1\">Facebook<\/label><\/span><span class=\"elementor-field-option\"><input type=\"checkbox\" value=\"Instagram\" id=\"form-field-field_c271ef9-2\" name=\"form_fields[field_c271ef9][]\"> <label for=\"form-field-field_c271ef9-2\">Instagram<\/label><\/span><span class=\"elementor-field-option\"><input type=\"checkbox\" value=\"Linkedin\" id=\"form-field-field_c271ef9-3\" name=\"form_fields[field_c271ef9][]\"> <label for=\"form-field-field_c271ef9-3\">Linkedin<\/label><\/span><span class=\"elementor-field-option\"><input type=\"checkbox\" value=\"Preko prijatelja\" id=\"form-field-field_c271ef9-4\" name=\"form_fields[field_c271ef9][]\"> <label for=\"form-field-field_c271ef9-4\">Via a friend<\/label><\/span><span class=\"elementor-field-option\"><input type=\"checkbox\" value=\"Na jednoj radionici\" id=\"form-field-field_c271ef9-5\" name=\"form_fields[field_c271ef9][]\"> <label for=\"form-field-field_c271ef9-5\">At a workshop<\/label><\/span><span class=\"elementor-field-option\"><input type=\"checkbox\" value=\"Ne\u0161to drugo\" id=\"form-field-field_c271ef9-6\" name=\"form_fields[field_c271ef9][]\"> <label for=\"form-field-field_c271ef9-6\">Something else<\/label><\/span><\/div>\t\t\t\t<\/div>\n\t\t\t\t\t\t\t\t<div class=\"elementor-field-type-textarea elementor-field-group elementor-column elementor-field-group-field_7f9b267 elementor-col-100 elementor-field-required\">\n\t\t\t\t\t\t\t\t\t\t\t\t<label for=\"form-field-field_7f9b267\" class=\"elementor-field-label\">\n\t\t\t\t\t\t\t\tPlease describe in a few sentences the reason for scheduling the consulting session with me:\t\t\t\t\t\t\t<\/label>\n\t\t\t\t\t\t<textarea class=\"elementor-field-textual elementor-field  elementor-size-sm\" name=\"form_fields[field_7f9b267]\" id=\"form-field-field_7f9b267\" rows=\"4\" required=\"required\"><\/textarea>\t\t\t\t<\/div>\n\t\t\t\t\t\t\t\t<div class=\"elementor-field-type-textarea elementor-field-group elementor-column elementor-field-group-field_c57f06e elementor-col-100 elementor-field-required\">\n\t\t\t\t\t\t\t\t\t\t\t\t<label for=\"form-field-field_c57f06e\" class=\"elementor-field-label\">\n\t\t\t\t\t\t\t\tNavedi najvi\u0161e 3 pitanja na koja \u017eeli\u0161 da dobije\u0161 odgovor tokom konsultacija:\t\t\t\t\t\t\t<\/label>\n\t\t\t\t\t\t<textarea class=\"elementor-field-textual elementor-field  elementor-size-sm\" name=\"form_fields[field_c57f06e]\" id=\"form-field-field_c57f06e\" rows=\"5\" required=\"required\"><\/textarea>\t\t\t\t<\/div>\n\t\t\t\t\t\t\t\t<div class=\"elementor-field-type-textarea elementor-field-group elementor-column elementor-field-group-message elementor-col-100\">\n\t\t\t\t\t\t\t\t\t\t\t\t<label for=\"form-field-message\" class=\"elementor-field-label\">\n\t\t\t\t\t\t\t\tDodatne informacije (Ovdje upi\u0161i sve informacije ili pitanja koja smatra\u0161 relevantnim i koja \u0107e mi pomo\u0107i da razumijemo da li i kako mo\u017eemo da radimo zajedno)\t\t\t\t\t\t\t<\/label>\n\t\t\t\t\t\t<textarea class=\"elementor-field-textual elementor-field  elementor-size-sm\" name=\"form_fields[message]\" id=\"form-field-message\" rows=\"4\"><\/textarea>\t\t\t\t<\/div>\n\t\t\t\t\t\t\t\t<div class=\"elementor-field-group elementor-column elementor-field-type-submit elementor-col-100 e-form__buttons\">\n\t\t\t\t\t<button class=\"elementor-button elementor-size-md\" type=\"submit\">\n\t\t\t\t\t\t<span class=\"elementor-button-content-wrapper\">\n\t\t\t\t\t\t\t\t\t\t\t\t\t\t\t\t\t\t\t\t\t\t<span class=\"elementor-button-text\">Po\u0161alji upit<\/span>\n\t\t\t\t\t\t\t\t\t\t\t\t\t<\/span>\n\t\t\t\t\t<\/button>\n\t\t\t\t<\/div>\n\t\t\t<\/div>\n\t\t<input type=\"hidden\" name=\"trp-form-language\" value=\"en\"\/><\/form>\n\t\t\t\t\t\t<\/div>\n\t\t\t\t<\/div>\n\t\t\t\t\t<\/div>\n\t\t<\/div>\n\t\t\t\t<div class=\"elementor-column elementor-col-50 elementor-top-column elementor-element elementor-element-22c0a54f\" data-id=\"22c0a54f\" data-element_type=\"column\">\n\t\t\t<div class=\"elementor-widget-wrap elementor-element-populated\">\n\t\t\t\t\t\t<section class=\"elementor-section elementor-inner-section elementor-element elementor-element-1650213 elementor-section-boxed elementor-section-height-default elementor-section-height-default\" data-id=\"1650213\" data-element_type=\"section\" data-settings=\"{&quot;sticky&quot;:&quot;top&quot;,&quot;sticky_offset&quot;:130,&quot;sticky_parent&quot;:&quot;yes&quot;,&quot;sticky_on&quot;:[&quot;desktop&quot;,&quot;tablet&quot;,&quot;mobile&quot;],&quot;sticky_effects_offset&quot;:0,&quot;sticky_anchor_link_offset&quot;:0}\">\n\t\t\t\t\t\t<div class=\"elementor-container elementor-column-gap-default\">\n\t\t\t\t\t<div class=\"elementor-column elementor-col-100 elementor-inner-column elementor-element elementor-element-1f73723\" data-id=\"1f73723\" data-element_type=\"column\">\n\t\t\t<div class=\"elementor-widget-wrap elementor-element-populated\">\n\t\t\t\t\t\t<div class=\"elementor-element elementor-element-a58668a elementor-widget elementor-widget-image\" data-id=\"a58668a\" data-element_type=\"widget\" data-widget_type=\"image.default\">\n\t\t\t\t<div class=\"elementor-widget-container\">\n\t\t\t\t\t\t\t\t\t\t\t\t\t\t\t<img fetchpriority=\"high\" decoding=\"async\" width=\"1703\" height=\"2560\" src=\"https:\/\/minutadoposla.com\/wp-content\/uploads\/2023\/08\/DSC_2439-scaled.jpg\" class=\"attachment-full size-full wp-image-336\" alt=\"\" srcset=\"https:\/\/minutadoposla.com\/wp-content\/uploads\/2023\/08\/DSC_2439-scaled.jpg 1703w, https:\/\/minutadoposla.com\/wp-content\/uploads\/2023\/08\/DSC_2439-200x300.jpg 200w, https:\/\/minutadoposla.com\/wp-content\/uploads\/2023\/08\/DSC_2439-681x1024.jpg 681w, https:\/\/minutadoposla.com\/wp-content\/uploads\/2023\/08\/DSC_2439-768x1154.jpg 768w, https:\/\/minutadoposla.com\/wp-content\/uploads\/2023\/08\/DSC_2439-1022x1536.jpg 1022w, https:\/\/minutadoposla.com\/wp-content\/uploads\/2023\/08\/DSC_2439-1363x2048.jpg 1363w, https:\/\/minutadoposla.com\/wp-content\/uploads\/2023\/08\/DSC_2439-8x12.jpg 8w\" sizes=\"(max-width: 1703px) 100vw, 1703px\" \/>\t\t\t\t\t\t\t\t\t\t\t\t\t\t\t<\/div>\n\t\t\t\t<\/div>\n\t\t\t\t\t<\/div>\n\t\t<\/div>\n\t\t\t\t\t<\/div>\n\t\t<\/section>\n\t\t\t\t<div class=\"elementor-element elementor-element-e2b24c0 elementor-widget__width-initial elementor-absolute elementor-widget elementor-widget-image\" data-id=\"e2b24c0\" data-element_type=\"widget\" data-settings=\"{&quot;_position&quot;:&quot;absolute&quot;}\" data-widget_type=\"image.default\">\n\t\t\t\t<div class=\"elementor-widget-container\">\n\t\t\t\t\t\t\t\t\t\t\t\t\t\t\t<img decoding=\"async\" width=\"500\" height=\"500\" src=\"https:\/\/minutadoposla.com\/wp-content\/uploads\/2023\/08\/Untitled-design-2023-08-09T160054.732.png\" class=\"attachment-large size-large wp-image-81\" alt=\"\" srcset=\"https:\/\/minutadoposla.com\/wp-content\/uploads\/2023\/08\/Untitled-design-2023-08-09T160054.732.png 500w, https:\/\/minutadoposla.com\/wp-content\/uploads\/2023\/08\/Untitled-design-2023-08-09T160054.732-300x300.png 300w, https:\/\/minutadoposla.com\/wp-content\/uploads\/2023\/08\/Untitled-design-2023-08-09T160054.732-150x150.png 150w, https:\/\/minutadoposla.com\/wp-content\/uploads\/2023\/08\/Untitled-design-2023-08-09T160054.732-12x12.png 12w\" sizes=\"(max-width: 500px) 100vw, 500px\" \/>\t\t\t\t\t\t\t\t\t\t\t\t\t\t\t<\/div>\n\t\t\t\t<\/div>\n\t\t\t\t<div class=\"elementor-element elementor-element-8adf8fa elementor-widget__width-initial elementor-absolute elementor-widget elementor-widget-image\" data-id=\"8adf8fa\" data-element_type=\"widget\" data-settings=\"{&quot;_position&quot;:&quot;absolute&quot;}\" data-widget_type=\"image.default\">\n\t\t\t\t<div class=\"elementor-widget-container\">\n\t\t\t\t\t\t\t\t\t\t\t\t\t\t\t<img decoding=\"async\" width=\"500\" height=\"500\" src=\"https:\/\/minutadoposla.com\/wp-content\/uploads\/2023\/08\/Untitled-design-2023-08-09T160034.829.png\" class=\"attachment-large size-large wp-image-82\" alt=\"\" srcset=\"https:\/\/minutadoposla.com\/wp-content\/uploads\/2023\/08\/Untitled-design-2023-08-09T160034.829.png 500w, https:\/\/minutadoposla.com\/wp-content\/uploads\/2023\/08\/Untitled-design-2023-08-09T160034.829-300x300.png 300w, https:\/\/minutadoposla.com\/wp-content\/uploads\/2023\/08\/Untitled-design-2023-08-09T160034.829-150x150.png 150w, https:\/\/minutadoposla.com\/wp-content\/uploads\/2023\/08\/Untitled-design-2023-08-09T160034.829-12x12.png 12w\" sizes=\"(max-width: 500px) 100vw, 500px\" \/>\t\t\t\t\t\t\t\t\t\t\t\t\t\t\t<\/div>\n\t\t\t\t<\/div>\n\t\t\t\t\t<\/div>\n\t\t<\/div>\n\t\t\t\t\t<\/div>\n\t\t<\/section>\n\t\t\t\t<\/div>","protected":false},"excerpt":{"rendered":"<p>Zaka\u017ei konsultacije sa Bojanom Ovdje si, jer se vjerovatno susre\u0107e\u0161 sa nekim od ovih izazova: Na\u0161ao\/la si oglas kao skrojen za tebe, i treba ti neko ko \u0107e baciti pogled na tvoj CV i pomo\u0107i da unaprijedi\u0161 motivaciono pismo; Uskoro ima\u0161 va\u017ean razgovor za posao, i treba ti neko s kim \u0107e\u0161 da vje\u017eba\u0161 i [&hellip;]<\/p>","protected":false},"author":2,"featured_media":0,"parent":0,"menu_order":0,"comment_status":"closed","ping_status":"closed","template":"","meta":{"inline_featured_image":false,"order-bump-settings":[],"_wpfnl_thankyou_order_overview":"on","_wpfnl_thankyou_order_details":"on","_wpfnl_thankyou_billing_details":"on","_wpfnl_thankyou_shipping_details":"on","footnotes":""},"class_list":["post-268","page","type-page","status-publish","hentry"],"jetpack_sharing_enabled":true,"_links":{"self":[{"href":"https:\/\/minutadoposla.com\/en\/wp-json\/wp\/v2\/pages\/268","targetHints":{"allow":["GET"]}}],"collection":[{"href":"https:\/\/minutadoposla.com\/en\/wp-json\/wp\/v2\/pages"}],"about":[{"href":"https:\/\/minutadoposla.com\/en\/wp-json\/wp\/v2\/types\/page"}],"author":[{"embeddable":true,"href":"https:\/\/minutadoposla.com\/en\/wp-json\/wp\/v2\/users\/2"}],"replies":[{"embeddable":true,"href":"https:\/\/minutadoposla.com\/en\/wp-json\/wp\/v2\/comments?post=268"}],"version-history":[{"count":60,"href":"https:\/\/minutadoposla.com\/en\/wp-json\/wp\/v2\/pages\/268\/revisions"}],"predecessor-version":[{"id":4988,"href":"https:\/\/minutadoposla.com\/en\/wp-json\/wp\/v2\/pages\/268\/revisions\/4988"}],"wp:attachment":[{"href":"https:\/\/minutadoposla.com\/en\/wp-json\/wp\/v2\/media?parent=268"}],"curies":[{"name":"wp","href":"https:\/\/api.w.org\/{rel}","templated":true}]}}