{"id":879,"date":"2023-12-05T17:07:57","date_gmt":"2023-12-05T17:07:57","guid":{"rendered":"https:\/\/minutadoposla.com\/?page_id=879"},"modified":"2026-02-25T11:06:59","modified_gmt":"2026-02-25T11:06:59","slug":"zahtjev","status":"publish","type":"page","link":"https:\/\/minutadoposla.com\/en\/job-search\/linkedin-profile-optimisation-request\/","title":{"rendered":"Zahtjev"},"content":{"rendered":"<div data-elementor-type=\"wp-page\" data-elementor-id=\"879\" class=\"elementor elementor-879\" data-elementor-post-type=\"page\">\n\t\t\t\t\t\t<section class=\"elementor-section elementor-top-section elementor-element elementor-element-cc8360b elementor-section-boxed elementor-section-height-default elementor-section-height-default\" data-id=\"cc8360b\" data-element_type=\"section\">\n\t\t\t\t\t\t<div class=\"elementor-container elementor-column-gap-default\">\n\t\t\t\t\t<div class=\"elementor-column elementor-col-50 elementor-top-column elementor-element elementor-element-ed3df0f\" data-id=\"ed3df0f\" data-element_type=\"column\">\n\t\t\t<div class=\"elementor-widget-wrap elementor-element-populated\">\n\t\t\t\t\t\t<div class=\"elementor-element elementor-element-f515d1a elementor-widget elementor-widget-heading\" data-id=\"f515d1a\" data-element_type=\"widget\" data-widget_type=\"heading.default\">\n\t\t\t\t<div class=\"elementor-widget-container\">\n\t\t\t\t\t<h1 class=\"elementor-heading-title elementor-size-default\">Market Fit Check<\/h1>\t\t\t\t<\/div>\n\t\t\t\t<\/div>\n\t\t\t\t<div class=\"elementor-element elementor-element-b618a35 elementor-widget elementor-widget-text-editor\" data-id=\"b618a35\" data-element_type=\"widget\" data-widget_type=\"text-editor.default\">\n\t\t\t\t<div class=\"elementor-widget-container\">\n\t\t\t\t\t\t\t\t\t<div class=\"page\" title=\"Based on the neuroscience\"><div class=\"section\"><div class=\"layoutArea\"><div class=\"column\"><p data-start=\"666\" data-end=\"785\">Prije nego \u0161to radimo Career Booster paket, \u017eelim da provjerimo ima li ovaj paket <strong data-start=\"748\" data-end=\"766\">realnog smisla<\/strong> za tvoju poziciju.<\/p><p data-start=\"787\" data-end=\"1005\">Ovaj paket je vremenski zahtjevan i ne mogu da radim sa mnogo klijenata.\u00a0<br data-start=\"828\" data-end=\"831\" \/>Ako za tvoj profil trenutno postoji dovoljno aktivnih oglasa i tr\u017ei\u0161ne potra\u017enje, javljam ti sljede\u0107i korak.<\/p><p data-start=\"787\" data-end=\"1005\">Ako ne postoji, dobi\u0107e\u0161 iskren feedback i preporuku \u0161ta dalje.<\/p><\/div><p data-start=\"1045\" data-end=\"1171\"><strong data-start=\"1045\" data-end=\"1075\">Popunjavanje ovog upitnika te ne obavezuje da investira\u0161 u program.<\/strong><br data-start=\"1075\" data-end=\"1078\" \/>Ovo je kratka provjera da vidim da li je Career Booster pravi izbor za tebe u ovom trenutku.<\/p><p data-start=\"1173\" data-end=\"1206\">\u23f1\ufe0f Popunjavanje traje 2-4 minuta.<\/p><\/div><\/div><\/div>\t\t\t\t\t\t\t\t<\/div>\n\t\t\t\t<\/div>\n\t\t\t\t<div class=\"elementor-element elementor-element-8bc1cf9 elementor-button-align-stretch elementor-widget elementor-widget-form\" data-id=\"8bc1cf9\" data-element_type=\"widget\" data-settings=\"{&quot;button_width&quot;:&quot;100&quot;,&quot;step_type&quot;:&quot;number_text&quot;,&quot;step_icon_shape&quot;:&quot;circle&quot;}\" data-widget_type=\"form.default\">\n\t\t\t\t<div class=\"elementor-widget-container\">\n\t\t\t\t\t\t\t<form class=\"elementor-form\" method=\"post\" name=\"Tra\u017eenje posla zahtjev\" action=\"\">\n\t\t\t<input type=\"hidden\" name=\"post_id\" value=\"879\"\/>\n\t\t\t<input type=\"hidden\" name=\"form_id\" value=\"8bc1cf9\"\/>\n\t\t\t<input type=\"hidden\" name=\"referer_title\" value=\"\" \/>\n\n\t\t\t\n\t\t\t<div class=\"elementor-form-fields-wrapper elementor-labels-above\">\n\t\t\t\t\t\t\t\t<div class=\"elementor-field-type-text elementor-field-group elementor-column elementor-field-group-name elementor-col-50 elementor-field-required\">\n\t\t\t\t\t\t\t\t\t\t\t\t<label for=\"form-field-name\" class=\"elementor-field-label\">\n\t\t\t\t\t\t\t\tName:\t\t\t\t\t\t\t<\/label>\n\t\t\t\t\t\t\t\t\t\t\t\t\t\t<input size=\"1\" type=\"text\" name=\"form_fields[name]\" id=\"form-field-name\" class=\"elementor-field elementor-size-sm  elementor-field-textual\" required=\"required\">\n\t\t\t\t\t\t\t\t\t\t\t<\/div>\n\t\t\t\t\t\t\t\t<div class=\"elementor-field-type-text elementor-field-group elementor-column elementor-field-group-field_8c9ebc6 elementor-col-50 elementor-field-required\">\n\t\t\t\t\t\t\t\t\t\t\t\t<label for=\"form-field-field_8c9ebc6\" class=\"elementor-field-label\">\n\t\t\t\t\t\t\t\tLast Name:\t\t\t\t\t\t\t<\/label>\n\t\t\t\t\t\t\t\t\t\t\t\t\t\t<input size=\"1\" type=\"text\" name=\"form_fields[field_8c9ebc6]\" id=\"form-field-field_8c9ebc6\" class=\"elementor-field elementor-size-sm  elementor-field-textual\" required=\"required\">\n\t\t\t\t\t\t\t\t\t\t\t<\/div>\n\t\t\t\t\t\t\t\t<div class=\"elementor-field-type-text elementor-field-group elementor-column elementor-field-group-field_e12ff8c elementor-col-50 elementor-field-required\">\n\t\t\t\t\t\t\t\t\t\t\t\t<label for=\"form-field-field_e12ff8c\" class=\"elementor-field-label\">\n\t\t\t\t\t\t\t\tPhone Number:\t\t\t\t\t\t\t<\/label>\n\t\t\t\t\t\t\t\t\t\t\t\t\t\t<input size=\"1\" type=\"text\" name=\"form_fields[field_e12ff8c]\" id=\"form-field-field_e12ff8c\" class=\"elementor-field elementor-size-sm  elementor-field-textual\" required=\"required\">\n\t\t\t\t\t\t\t\t\t\t\t<\/div>\n\t\t\t\t\t\t\t\t<div class=\"elementor-field-type-email elementor-field-group elementor-column elementor-field-group-email elementor-col-50 elementor-field-required\">\n\t\t\t\t\t\t\t\t\t\t\t\t<label for=\"form-field-email\" class=\"elementor-field-label\">\n\t\t\t\t\t\t\t\tEmail Address:\t\t\t\t\t\t\t<\/label>\n\t\t\t\t\t\t\t\t\t\t\t\t\t\t<input size=\"1\" type=\"email\" name=\"form_fields[email]\" id=\"form-field-email\" class=\"elementor-field elementor-size-sm  elementor-field-textual\" required=\"required\">\n\t\t\t\t\t\t\t\t\t\t\t<\/div>\n\t\t\t\t\t\t\t\t<div class=\"elementor-field-type-text elementor-field-group elementor-column elementor-field-group-field_afd4f47 elementor-col-100 elementor-field-required\">\n\t\t\t\t\t\t\t\t\t\t\t\t<label for=\"form-field-field_afd4f47\" class=\"elementor-field-label\">\n\t\t\t\t\t\t\t\tKoju poziciju trenutno cilja\u0161?\t\t\t\t\t\t\t<\/label>\n\t\t\t\t\t\t\t\t\t\t\t\t\t\t<input size=\"1\" type=\"text\" name=\"form_fields[field_afd4f47]\" id=\"form-field-field_afd4f47\" class=\"elementor-field elementor-size-sm  elementor-field-textual\" required=\"required\">\n\t\t\t\t\t\t\t\t\t\t\t<\/div>\n\t\t\t\t\t\t\t\t<div class=\"elementor-field-type-checkbox elementor-field-group elementor-column elementor-field-group-field_81f55a3 elementor-col-66\">\n\t\t\t\t\t\t\t\t\t\t\t\t<label for=\"form-field-field_81f55a3\" class=\"elementor-field-label\">\n\t\t\t\t\t\t\t\tKoliko iskustva ima\u0161 u toj oblasti? *\t\t\t\t\t\t\t<\/label>\n\t\t\t\t\t\t<div class=\"elementor-field-subgroup\"><span class=\"elementor-field-option\"><input type=\"checkbox\" value=\"0\u20131 godine\" id=\"form-field-field_81f55a3-0\" name=\"form_fields[field_81f55a3][]\"> <label for=\"form-field-field_81f55a3-0\">0\u20131 godine<\/label><\/span><span class=\"elementor-field-option\"><input type=\"checkbox\" value=\"1\u20133 godine\" id=\"form-field-field_81f55a3-1\" name=\"form_fields[field_81f55a3][]\"> <label for=\"form-field-field_81f55a3-1\">1\u20133 godine<\/label><\/span><span class=\"elementor-field-option\"><input type=\"checkbox\" value=\"3\u20135 godina\" id=\"form-field-field_81f55a3-2\" name=\"form_fields[field_81f55a3][]\"> <label for=\"form-field-field_81f55a3-2\">3\u20135 godina<\/label><\/span><span class=\"elementor-field-option\"><input type=\"checkbox\" value=\"5+ godina\" id=\"form-field-field_81f55a3-3\" name=\"form_fields[field_81f55a3][]\"> <label for=\"form-field-field_81f55a3-3\">5+ godina<\/label><\/span><\/div>\t\t\t\t<\/div>\n\t\t\t\t\t\t\t\t<div class=\"elementor-field-type-radio elementor-field-group elementor-column elementor-field-group-field_bdf00e4 elementor-col-100 elementor-field-required\">\n\t\t\t\t\t\t\t\t\t\t\t\t<label for=\"form-field-field_bdf00e4\" class=\"elementor-field-label\">\n\t\t\t\t\t\t\t\tGdje trenutno tra\u017ei\u0161 posao?\t\t\t\t\t\t\t<\/label>\n\t\t\t\t\t\t<div class=\"elementor-field-subgroup\"><span class=\"elementor-field-option\"><input type=\"radio\" value=\"Crna Gora\" id=\"form-field-field_bdf00e4-0\" name=\"form_fields[field_bdf00e4]\" required=\"required\"> <label for=\"form-field-field_bdf00e4-0\">Crna Gora<\/label><\/span><span class=\"elementor-field-option\"><input type=\"radio\" value=\"Region (Ex-Yu)\" id=\"form-field-field_bdf00e4-1\" name=\"form_fields[field_bdf00e4]\" required=\"required\"> <label for=\"form-field-field_bdf00e4-1\">Region (Ex-Yu)<\/label><\/span><span class=\"elementor-field-option\"><input type=\"radio\" value=\"EU\" id=\"form-field-field_bdf00e4-2\" name=\"form_fields[field_bdf00e4]\" required=\"required\"> <label for=\"form-field-field_bdf00e4-2\">EU<\/label><\/span><span class=\"elementor-field-option\"><input type=\"radio\" value=\"Globalno \/ remote\" id=\"form-field-field_bdf00e4-3\" name=\"form_fields[field_bdf00e4]\" required=\"required\"> <label for=\"form-field-field_bdf00e4-3\">Globalno \/ remote<\/label><\/span><span class=\"elementor-field-option\"><input type=\"radio\" value=\"Sve navedeno dolazi u obzir\" id=\"form-field-field_bdf00e4-4\" name=\"form_fields[field_bdf00e4]\" required=\"required\"> <label for=\"form-field-field_bdf00e4-4\">Sve navedeno dolazi u obzir<\/label><\/span><span class=\"elementor-field-option\"><input type=\"radio\" value=\"Ne znam\" id=\"form-field-field_bdf00e4-5\" name=\"form_fields[field_bdf00e4]\" required=\"required\"> <label for=\"form-field-field_bdf00e4-5\">Ne znam<\/label><\/span><\/div>\t\t\t\t<\/div>\n\t\t\t\t\t\t\t\t<div class=\"elementor-field-type-radio elementor-field-group elementor-column elementor-field-group-field_919ac68 elementor-col-100 elementor-field-required\">\n\t\t\t\t\t\t\t\t\t\t\t\t<label for=\"form-field-field_919ac68\" class=\"elementor-field-label\">\n\t\t\t\t\t\t\t\tKoliko relevantnih oglasa si prona\u0161ao\/la u posljednjih 30 dana za tu poziciju?\t\t\t\t\t\t\t<\/label>\n\t\t\t\t\t\t<div class=\"elementor-field-subgroup\"><span class=\"elementor-field-option\"><input type=\"radio\" value=\"Manje od 5\" id=\"form-field-field_919ac68-0\" name=\"form_fields[field_919ac68]\" required=\"required\"> <label for=\"form-field-field_919ac68-0\">Manje od 5<\/label><\/span><span class=\"elementor-field-option\"><input type=\"radio\" value=\"5\u201310\" id=\"form-field-field_919ac68-1\" name=\"form_fields[field_919ac68]\" required=\"required\"> <label for=\"form-field-field_919ac68-1\">5\u201310<\/label><\/span><span class=\"elementor-field-option\"><input type=\"radio\" value=\"10\u201320\" id=\"form-field-field_919ac68-2\" name=\"form_fields[field_919ac68]\" required=\"required\"> <label for=\"form-field-field_919ac68-2\">10\u201320<\/label><\/span><span class=\"elementor-field-option\"><input type=\"radio\" value=\"20+\" id=\"form-field-field_919ac68-3\" name=\"form_fields[field_919ac68]\" required=\"required\"> <label for=\"form-field-field_919ac68-3\">20+<\/label><\/span><\/div>\t\t\t\t<\/div>\n\t\t\t\t\t\t\t\t<div class=\"elementor-field-type-text elementor-field-group elementor-column elementor-field-group-field_ee2f33b elementor-col-100 elementor-field-required\">\n\t\t\t\t\t\t\t\t\t\t\t\t<label for=\"form-field-field_ee2f33b\" class=\"elementor-field-label\">\n\t\t\t\t\t\t\t\tKoliko si prijava poslao\/la u posljednjih 30 dana? \t\t\t\t\t\t\t<\/label>\n\t\t\t\t\t\t\t\t\t\t\t\t\t\t<input size=\"1\" type=\"text\" name=\"form_fields[field_ee2f33b]\" id=\"form-field-field_ee2f33b\" class=\"elementor-field elementor-size-sm  elementor-field-textual\" required=\"required\">\n\t\t\t\t\t\t\t\t\t\t\t<\/div>\n\t\t\t\t\t\t\t\t<div class=\"elementor-field-type-text elementor-field-group elementor-column elementor-field-group-field_3ef2d3b elementor-col-100 elementor-field-required\">\n\t\t\t\t\t\t\t\t\t\t\t\t<label for=\"form-field-field_3ef2d3b\" class=\"elementor-field-label\">\n\t\t\t\t\t\t\t\t\u0160ta misli\u0161 da te trenutno najvi\u0161e ko\u010di da dobije\u0161 poziv na intervju?\t\t\t\t\t\t\t<\/label>\n\t\t\t\t\t\t\t\t\t\t\t\t\t\t<input size=\"1\" type=\"text\" name=\"form_fields[field_3ef2d3b]\" id=\"form-field-field_3ef2d3b\" class=\"elementor-field elementor-size-sm  elementor-field-textual\" required=\"required\">\n\t\t\t\t\t\t\t\t\t\t\t<\/div>\n\t\t\t\t\t\t\t\t<div class=\"elementor-field-type-checkbox elementor-field-group elementor-column elementor-field-group-field_656d650 elementor-col-66\">\n\t\t\t\t\t\t\t\t\t\t\t\t<label for=\"form-field-field_656d650\" class=\"elementor-field-label\">\n\t\t\t\t\t\t\t\tKako si \u010duo\/la za agenciju Minuta do posla?\t\t\t\t\t\t\t<\/label>\n\t\t\t\t\t\t<div class=\"elementor-field-subgroup\"><span class=\"elementor-field-option\"><input type=\"checkbox\" value=\"Google\" id=\"form-field-field_656d650-0\" name=\"form_fields[field_656d650][]\"> <label for=\"form-field-field_656d650-0\">on Google Search<\/label><\/span><span class=\"elementor-field-option\"><input type=\"checkbox\" value=\"Facebook\" id=\"form-field-field_656d650-1\" name=\"form_fields[field_656d650][]\"> <label for=\"form-field-field_656d650-1\">Facebook<\/label><\/span><span class=\"elementor-field-option\"><input type=\"checkbox\" value=\"Instagram\" id=\"form-field-field_656d650-2\" name=\"form_fields[field_656d650][]\"> <label for=\"form-field-field_656d650-2\">Instagram<\/label><\/span><span class=\"elementor-field-option\"><input type=\"checkbox\" value=\"Linkedin\" id=\"form-field-field_656d650-3\" name=\"form_fields[field_656d650][]\"> <label for=\"form-field-field_656d650-3\">Linkedin<\/label><\/span><span class=\"elementor-field-option\"><input type=\"checkbox\" value=\"Preporuka prijatelja\" id=\"form-field-field_656d650-4\" name=\"form_fields[field_656d650][]\"> <label for=\"form-field-field_656d650-4\">Friend recommendation<\/label><\/span><span class=\"elementor-field-option\"><input type=\"checkbox\" value=\"Radionica\" id=\"form-field-field_656d650-5\" name=\"form_fields[field_656d650][]\"> <label for=\"form-field-field_656d650-5\">Workshop<\/label><\/span><span class=\"elementor-field-option\"><input type=\"checkbox\" value=\"Li\u010dno poznanstvo\" id=\"form-field-field_656d650-6\" name=\"form_fields[field_656d650][]\"> <label for=\"form-field-field_656d650-6\">Li\u010dno poznanstvo<\/label><\/span><span class=\"elementor-field-option\"><input type=\"checkbox\" value=\"Ne\u0161to drugo\" id=\"form-field-field_656d650-7\" name=\"form_fields[field_656d650][]\"> <label for=\"form-field-field_656d650-7\">Something else<\/label><\/span><\/div>\t\t\t\t<\/div>\n\t\t\t\t\t\t\t\t<div class=\"elementor-field-type-text elementor-field-group elementor-column elementor-field-group-field_b5b35b1 elementor-col-100 elementor-field-required\">\n\t\t\t\t\t\t\t\t\t\t\t\t<label for=\"form-field-field_b5b35b1\" class=\"elementor-field-label\">\n\t\t\t\t\t\t\t\tLink ka tvom LinkedIn profilu (ako ima\u0161)\t\t\t\t\t\t\t<\/label>\n\t\t\t\t\t\t\t\t\t\t\t\t\t\t<input size=\"1\" type=\"text\" name=\"form_fields[field_b5b35b1]\" id=\"form-field-field_b5b35b1\" class=\"elementor-field elementor-size-sm  elementor-field-textual\" required=\"required\">\n\t\t\t\t\t\t\t\t\t\t\t<\/div>\n\t\t\t\t\t\t\t\t<div class=\"elementor-field-type-text elementor-field-group elementor-column elementor-field-group-field_88fa53f elementor-col-100\">\n\t\t\t\t\t\t\t\t\t\t\t\t<label for=\"form-field-field_88fa53f\" class=\"elementor-field-label\">\n\t\t\t\t\t\t\t\tPolje za tvoja pitanja ili poruku\t\t\t\t\t\t\t<\/label>\n\t\t\t\t\t\t\t\t\t\t\t\t\t\t<input size=\"1\" type=\"text\" name=\"form_fields[field_88fa53f]\" id=\"form-field-field_88fa53f\" class=\"elementor-field elementor-size-sm  elementor-field-textual\">\n\t\t\t\t\t\t\t\t\t\t\t<\/div>\n\t\t\t\t\t\t\t\t<div class=\"elementor-field-type-checkbox elementor-field-group elementor-column elementor-field-group-field_0cf6fb9 elementor-col-100\">\n\t\t\t\t\t\t\t\t\t\t\t\t<label for=\"form-field-field_0cf6fb9\" class=\"elementor-field-label\">\n\t\t\t\t\t\t\t\tRazumijem da Career Booster paket nije za svakoga i da se radi samo sa kandidatima za koje postoji realna tr\u017ei\u0161na potra\u017enja i dovoljno aktivnih prilika.\t\t\t\t\t\t\t<\/label>\n\t\t\t\t\t\t<div class=\"elementor-field-subgroup  elementor-subgroup-inline\"><span class=\"elementor-field-option\"><input type=\"checkbox\" value=\"Da, razumijem\" id=\"form-field-field_0cf6fb9-0\" name=\"form_fields[field_0cf6fb9]\"> <label for=\"form-field-field_0cf6fb9-0\">Da, razumijem<\/label><\/span><\/div>\t\t\t\t<\/div>\n\t\t\t\t\t\t\t\t<div class=\"elementor-field-group elementor-column elementor-field-type-submit elementor-col-100 e-form__buttons\">\n\t\t\t\t\t<button class=\"elementor-button elementor-size-md\" type=\"submit\">\n\t\t\t\t\t\t<span class=\"elementor-button-content-wrapper\">\n\t\t\t\t\t\t\t\t\t\t\t\t\t\t\t\t\t\t\t\t\t\t<span class=\"elementor-button-text\">Provjeri da li sam dobar kandidat<\/span>\n\t\t\t\t\t\t\t\t\t\t\t\t\t<\/span>\n\t\t\t\t\t<\/button>\n\t\t\t\t<\/div>\n\t\t\t<\/div>\n\t\t<input type=\"hidden\" name=\"trp-form-language\" value=\"en\"\/><\/form>\n\t\t\t\t\t\t<\/div>\n\t\t\t\t<\/div>\n\t\t\t\t\t<\/div>\n\t\t<\/div>\n\t\t\t\t<div class=\"elementor-column elementor-col-50 elementor-top-column elementor-element elementor-element-c71559f\" data-id=\"c71559f\" data-element_type=\"column\">\n\t\t\t<div class=\"elementor-widget-wrap elementor-element-populated\">\n\t\t\t\t\t\t<section class=\"elementor-section elementor-inner-section elementor-element elementor-element-a313e3d elementor-section-boxed elementor-section-height-default elementor-section-height-default\" data-id=\"a313e3d\" data-element_type=\"section\" data-settings=\"{&quot;sticky&quot;:&quot;top&quot;,&quot;sticky_offset&quot;:130,&quot;sticky_parent&quot;:&quot;yes&quot;,&quot;sticky_on&quot;:[&quot;desktop&quot;,&quot;tablet&quot;,&quot;mobile&quot;],&quot;sticky_effects_offset&quot;:0,&quot;sticky_anchor_link_offset&quot;:0}\">\n\t\t\t\t\t\t<div class=\"elementor-container elementor-column-gap-default\">\n\t\t\t\t\t<div class=\"elementor-column elementor-col-100 elementor-inner-column elementor-element elementor-element-60e98c0\" data-id=\"60e98c0\" data-element_type=\"column\">\n\t\t\t<div class=\"elementor-widget-wrap elementor-element-populated\">\n\t\t\t\t\t\t<div class=\"elementor-element elementor-element-8346e48 elementor-widget elementor-widget-image\" data-id=\"8346e48\" data-element_type=\"widget\" data-widget_type=\"image.default\">\n\t\t\t\t<div class=\"elementor-widget-container\">\n\t\t\t\t\t\t\t\t\t\t\t\t\t\t\t<img fetchpriority=\"high\" decoding=\"async\" width=\"1703\" height=\"2560\" src=\"https:\/\/minutadoposla.com\/wp-content\/uploads\/2023\/08\/DSC_2439-scaled.jpg\" class=\"attachment-full size-full wp-image-336\" alt=\"\" srcset=\"https:\/\/minutadoposla.com\/wp-content\/uploads\/2023\/08\/DSC_2439-scaled.jpg 1703w, https:\/\/minutadoposla.com\/wp-content\/uploads\/2023\/08\/DSC_2439-200x300.jpg 200w, https:\/\/minutadoposla.com\/wp-content\/uploads\/2023\/08\/DSC_2439-681x1024.jpg 681w, https:\/\/minutadoposla.com\/wp-content\/uploads\/2023\/08\/DSC_2439-768x1154.jpg 768w, https:\/\/minutadoposla.com\/wp-content\/uploads\/2023\/08\/DSC_2439-1022x1536.jpg 1022w, https:\/\/minutadoposla.com\/wp-content\/uploads\/2023\/08\/DSC_2439-1363x2048.jpg 1363w, https:\/\/minutadoposla.com\/wp-content\/uploads\/2023\/08\/DSC_2439-8x12.jpg 8w\" sizes=\"(max-width: 1703px) 100vw, 1703px\" \/>\t\t\t\t\t\t\t\t\t\t\t\t\t\t\t<\/div>\n\t\t\t\t<\/div>\n\t\t\t\t\t<\/div>\n\t\t<\/div>\n\t\t\t\t\t<\/div>\n\t\t<\/section>\n\t\t\t\t<div class=\"elementor-element elementor-element-b630b4a elementor-widget__width-initial elementor-absolute elementor-widget elementor-widget-image\" data-id=\"b630b4a\" data-element_type=\"widget\" data-settings=\"{&quot;_position&quot;:&quot;absolute&quot;}\" data-widget_type=\"image.default\">\n\t\t\t\t<div class=\"elementor-widget-container\">\n\t\t\t\t\t\t\t\t\t\t\t\t\t\t\t<img decoding=\"async\" width=\"500\" height=\"500\" src=\"https:\/\/minutadoposla.com\/wp-content\/uploads\/2023\/08\/Untitled-design-2023-08-09T160054.732.png\" class=\"attachment-large size-large wp-image-81\" alt=\"\" srcset=\"https:\/\/minutadoposla.com\/wp-content\/uploads\/2023\/08\/Untitled-design-2023-08-09T160054.732.png 500w, https:\/\/minutadoposla.com\/wp-content\/uploads\/2023\/08\/Untitled-design-2023-08-09T160054.732-300x300.png 300w, https:\/\/minutadoposla.com\/wp-content\/uploads\/2023\/08\/Untitled-design-2023-08-09T160054.732-150x150.png 150w, https:\/\/minutadoposla.com\/wp-content\/uploads\/2023\/08\/Untitled-design-2023-08-09T160054.732-12x12.png 12w\" sizes=\"(max-width: 500px) 100vw, 500px\" \/>\t\t\t\t\t\t\t\t\t\t\t\t\t\t\t<\/div>\n\t\t\t\t<\/div>\n\t\t\t\t<div class=\"elementor-element elementor-element-0f25347 elementor-widget__width-initial elementor-absolute elementor-widget elementor-widget-image\" data-id=\"0f25347\" data-element_type=\"widget\" data-settings=\"{&quot;_position&quot;:&quot;absolute&quot;}\" data-widget_type=\"image.default\">\n\t\t\t\t<div class=\"elementor-widget-container\">\n\t\t\t\t\t\t\t\t\t\t\t\t\t\t\t<img decoding=\"async\" width=\"500\" height=\"500\" src=\"https:\/\/minutadoposla.com\/wp-content\/uploads\/2023\/08\/Untitled-design-2023-08-09T160034.829.png\" class=\"attachment-large size-large wp-image-82\" alt=\"\" srcset=\"https:\/\/minutadoposla.com\/wp-content\/uploads\/2023\/08\/Untitled-design-2023-08-09T160034.829.png 500w, https:\/\/minutadoposla.com\/wp-content\/uploads\/2023\/08\/Untitled-design-2023-08-09T160034.829-300x300.png 300w, https:\/\/minutadoposla.com\/wp-content\/uploads\/2023\/08\/Untitled-design-2023-08-09T160034.829-150x150.png 150w, https:\/\/minutadoposla.com\/wp-content\/uploads\/2023\/08\/Untitled-design-2023-08-09T160034.829-12x12.png 12w\" sizes=\"(max-width: 500px) 100vw, 500px\" \/>\t\t\t\t\t\t\t\t\t\t\t\t\t\t\t<\/div>\n\t\t\t\t<\/div>\n\t\t\t\t\t<\/div>\n\t\t<\/div>\n\t\t\t\t\t<\/div>\n\t\t<\/section>\n\t\t\t\t<\/div>","protected":false},"excerpt":{"rendered":"<p>Market Fit Check Prije nego \u0161to radimo Career Booster paket, \u017eelim da provjerimo ima li ovaj paket realnog smisla za tvoju poziciju. Ovaj paket je vremenski zahtjevan i ne mogu da radim sa mnogo klijenata.\u00a0Ako za tvoj profil trenutno postoji dovoljno aktivnih oglasa i tr\u017ei\u0161ne potra\u017enje, javljam ti sljede\u0107i korak. Ako ne postoji, dobi\u0107e\u0161 iskren [&hellip;]<\/p>","protected":false},"author":2,"featured_media":0,"parent":133,"menu_order":0,"comment_status":"closed","ping_status":"closed","template":"","meta":{"inline_featured_image":false,"order-bump-settings":[],"_wpfnl_thankyou_order_overview":"on","_wpfnl_thankyou_order_details":"on","_wpfnl_thankyou_billing_details":"on","_wpfnl_thankyou_shipping_details":"on","footnotes":""},"class_list":["post-879","page","type-page","status-publish","hentry"],"jetpack_sharing_enabled":true,"_links":{"self":[{"href":"https:\/\/minutadoposla.com\/en\/wp-json\/wp\/v2\/pages\/879","targetHints":{"allow":["GET"]}}],"collection":[{"href":"https:\/\/minutadoposla.com\/en\/wp-json\/wp\/v2\/pages"}],"about":[{"href":"https:\/\/minutadoposla.com\/en\/wp-json\/wp\/v2\/types\/page"}],"author":[{"embeddable":true,"href":"https:\/\/minutadoposla.com\/en\/wp-json\/wp\/v2\/users\/2"}],"replies":[{"embeddable":true,"href":"https:\/\/minutadoposla.com\/en\/wp-json\/wp\/v2\/comments?post=879"}],"version-history":[{"count":26,"href":"https:\/\/minutadoposla.com\/en\/wp-json\/wp\/v2\/pages\/879\/revisions"}],"predecessor-version":[{"id":5026,"href":"https:\/\/minutadoposla.com\/en\/wp-json\/wp\/v2\/pages\/879\/revisions\/5026"}],"up":[{"embeddable":true,"href":"https:\/\/minutadoposla.com\/en\/wp-json\/wp\/v2\/pages\/133"}],"wp:attachment":[{"href":"https:\/\/minutadoposla.com\/en\/wp-json\/wp\/v2\/media?parent=879"}],"curies":[{"name":"wp","href":"https:\/\/api.w.org\/{rel}","templated":true}]}}