{"id":3207,"date":"2025-03-05T10:16:06","date_gmt":"2025-03-05T10:16:06","guid":{"rendered":"https:\/\/minutadoposla.com\/?post_type=product&#038;p=3207"},"modified":"2025-03-31T09:53:04","modified_gmt":"2025-03-31T09:53:04","slug":"ebook-metoda-4-pitanja","status":"publish","type":"product","link":"https:\/\/minutadoposla.com\/en\/product\/ebook-metoda-4-pitanja\/","title":{"rendered":"Ebook &#8220;Metoda 4 pitanja&#8221;"},"content":{"rendered":"<p>Ebook &#8220;Metoda 4 pitanja&#8221; je knjiga posle koje tvoj CV vi\u0161e nikad ne\u0107e zavr\u0161iti u kanti za sme\u0107e<\/p>\n<p>&nbsp;<\/p>","protected":false},"excerpt":{"rendered":"<p>Knjiga posle koje tvoj CV vi\u0161e nikada ne\u0107e zavr\u0161iti u kanti za sme\u0107e<\/p>","protected":false},"featured_media":3209,"comment_status":"open","ping_status":"closed","template":"","meta":{"inline_featured_image":false,"order-bump-settings":[],"_wpfnl_thankyou_order_overview":"on","_wpfnl_thankyou_order_details":"on","_wpfnl_thankyou_billing_details":"on","_wpfnl_thankyou_shipping_details":"on"},"product_brand":[],"product_cat":[58],"product_tag":[59,60],"class_list":{"0":"post-3207","1":"product","2":"type-product","3":"status-publish","4":"has-post-thumbnail","6":"product_cat-ebook","7":"product_tag-cv","8":"product_tag-intervju","10":"first","11":"instock","12":"downloadable","13":"virtual","14":"taxable","15":"purchasable","16":"product-type-simple"},"jetpack_sharing_enabled":true,"_links":{"self":[{"href":"https:\/\/minutadoposla.com\/en\/wp-json\/wp\/v2\/product\/3207","targetHints":{"allow":["GET"]}}],"collection":[{"href":"https:\/\/minutadoposla.com\/en\/wp-json\/wp\/v2\/product"}],"about":[{"href":"https:\/\/minutadoposla.com\/en\/wp-json\/wp\/v2\/types\/product"}],"replies":[{"embeddable":true,"href":"https:\/\/minutadoposla.com\/en\/wp-json\/wp\/v2\/comments?post=3207"}],"wp:featuredmedia":[{"embeddable":true,"href":"https:\/\/minutadoposla.com\/en\/wp-json\/wp\/v2\/media\/3209"}],"wp:attachment":[{"href":"https:\/\/minutadoposla.com\/en\/wp-json\/wp\/v2\/media?parent=3207"}],"wp:term":[{"taxonomy":"product_brand","embeddable":true,"href":"https:\/\/minutadoposla.com\/en\/wp-json\/wp\/v2\/product_brand?post=3207"},{"taxonomy":"product_cat","embeddable":true,"href":"https:\/\/minutadoposla.com\/en\/wp-json\/wp\/v2\/product_cat?post=3207"},{"taxonomy":"product_tag","embeddable":true,"href":"https:\/\/minutadoposla.com\/en\/wp-json\/wp\/v2\/product_tag?post=3207"}],"curies":[{"name":"wp","href":"https:\/\/api.w.org\/{rel}","templated":true}]}}