{"id":3228,"date":"2025-03-05T10:50:06","date_gmt":"2025-03-05T10:50:06","guid":{"rendered":"https:\/\/minutadoposla.com\/?post_type=product&#038;p=3228"},"modified":"2025-05-12T13:33:03","modified_gmt":"2025-05-12T13:33:03","slug":"5-najcescih-pitanja-na-razgovoru-za-posao-bonus-pitanje","status":"publish","type":"product","link":"https:\/\/minutadoposla.com\/en\/product\/5-najcescih-pitanja-na-razgovoru-za-posao-bonus-pitanje\/","title":{"rendered":"5 naj\u010de\u0161\u0107ih pitanja na razgovoru za posao (+ bonus pitanje)"},"content":{"rendered":"<p>5 naj\u010de\u0161\u0107ih pitanja na razgovoru za posao (+ bonus pitanje)<\/p>","protected":false},"excerpt":{"rendered":"<p>5 naj\u010de\u0161\u0107ih pitanja na razgovoru za posao (+ bonus pitanje)<\/p>","protected":false},"featured_media":3212,"comment_status":"open","ping_status":"closed","template":"","meta":{"inline_featured_image":false,"order-bump-settings":[],"_wpfnl_thankyou_order_overview":"on","_wpfnl_thankyou_order_details":"on","_wpfnl_thankyou_billing_details":"on","_wpfnl_thankyou_shipping_details":"on"},"product_brand":[],"product_cat":[58],"product_tag":[60],"class_list":{"0":"post-3228","1":"product","2":"type-product","3":"status-publish","4":"has-post-thumbnail","6":"product_cat-ebook","7":"product_tag-intervju","9":"first","10":"instock","11":"taxable","12":"shipping-taxable","13":"product-type-grouped"},"jetpack_sharing_enabled":true,"_links":{"self":[{"href":"https:\/\/minutadoposla.com\/en\/wp-json\/wp\/v2\/product\/3228","targetHints":{"allow":["GET"]}}],"collection":[{"href":"https:\/\/minutadoposla.com\/en\/wp-json\/wp\/v2\/product"}],"about":[{"href":"https:\/\/minutadoposla.com\/en\/wp-json\/wp\/v2\/types\/product"}],"replies":[{"embeddable":true,"href":"https:\/\/minutadoposla.com\/en\/wp-json\/wp\/v2\/comments?post=3228"}],"wp:featuredmedia":[{"embeddable":true,"href":"https:\/\/minutadoposla.com\/en\/wp-json\/wp\/v2\/media\/3212"}],"wp:attachment":[{"href":"https:\/\/minutadoposla.com\/en\/wp-json\/wp\/v2\/media?parent=3228"}],"wp:term":[{"taxonomy":"product_brand","embeddable":true,"href":"https:\/\/minutadoposla.com\/en\/wp-json\/wp\/v2\/product_brand?post=3228"},{"taxonomy":"product_cat","embeddable":true,"href":"https:\/\/minutadoposla.com\/en\/wp-json\/wp\/v2\/product_cat?post=3228"},{"taxonomy":"product_tag","embeddable":true,"href":"https:\/\/minutadoposla.com\/en\/wp-json\/wp\/v2\/product_tag?post=3228"}],"curies":[{"name":"wp","href":"https:\/\/api.w.org\/{rel}","templated":true}]}}