{"id":3370,"date":"2025-03-11T08:02:55","date_gmt":"2025-03-11T08:02:55","guid":{"rendered":"https:\/\/minutadoposla.com\/?post_type=product&#038;p=3370"},"modified":"2026-01-08T07:59:37","modified_gmt":"2026-01-08T07:59:37","slug":"video-revizija-cv-a","status":"publish","type":"product","link":"https:\/\/minutadoposla.com\/en\/product\/video-revizija-cv-a\/","title":{"rendered":"Video revizija CV-a"},"content":{"rendered":"<p>Nakon \u0161to pro\u010dita\u0161 knjigu &#8220;Metoda 4 pitanja&#8221;, preuzme\u0161 ChatGPT obrasce i odgleda\u0161 mini tutorijal, mo\u017eda \u0107e\u0161 \u017eeljeti da profesionalni regruter pogleda tvoj CV kako bi bio siguran da ispunjava sve uslove da postane alat za pregovaranje ve\u0107e zarade.<\/p>\n<p>Zato sam tu da ti ponudim video reviziju CV-a nakon kupljene knjige &#8220;Metoda 4 pitanja&#8221; i primjene nau\u010denog.<\/p>\n<p>Ovo je usluga koju ina\u010de napla\u0107ujemo 50\u20ac, ali za kupce ebooka imamo posebne cijene.<\/p>\n<p><strong>Umjesto 50\u20ac plati samo 25\u20ac!<\/strong><\/p>\n<p>&#8211; &#8211; &#8211; &#8211;<\/p>\n<p><em>NAPOMENA: Ponuda va\u017ei 30 dana od dana kupovine usluge<\/em><\/p>","protected":false},"excerpt":{"rendered":"<p>Mo\u017eda \u017eeli\u0161 da tvoj CV pogleda regruter prije nego \u0161to ga po\u0161alje\u0161 poslodavcu? Vide revizija slu\u017ei ba\u0161 za to!<\/p>","protected":false},"featured_media":3448,"comment_status":"open","ping_status":"closed","template":"","meta":{"inline_featured_image":false,"order-bump-settings":[],"_wpfnl_thankyou_order_overview":"on","_wpfnl_thankyou_order_details":"on","_wpfnl_thankyou_billing_details":"on","_wpfnl_thankyou_shipping_details":"on"},"product_brand":[],"product_cat":[58],"product_tag":[59,62],"class_list":{"0":"post-3370","1":"product","2":"type-product","3":"status-publish","4":"has-post-thumbnail","6":"product_cat-ebook","7":"product_tag-cv","8":"product_tag-revizija-cv-a","10":"first","11":"instock","12":"sale","13":"virtual","14":"taxable","15":"purchasable","16":"product-type-simple"},"jetpack_sharing_enabled":true,"_links":{"self":[{"href":"https:\/\/minutadoposla.com\/en\/wp-json\/wp\/v2\/product\/3370","targetHints":{"allow":["GET"]}}],"collection":[{"href":"https:\/\/minutadoposla.com\/en\/wp-json\/wp\/v2\/product"}],"about":[{"href":"https:\/\/minutadoposla.com\/en\/wp-json\/wp\/v2\/types\/product"}],"replies":[{"embeddable":true,"href":"https:\/\/minutadoposla.com\/en\/wp-json\/wp\/v2\/comments?post=3370"}],"wp:featuredmedia":[{"embeddable":true,"href":"https:\/\/minutadoposla.com\/en\/wp-json\/wp\/v2\/media\/3448"}],"wp:attachment":[{"href":"https:\/\/minutadoposla.com\/en\/wp-json\/wp\/v2\/media?parent=3370"}],"wp:term":[{"taxonomy":"product_brand","embeddable":true,"href":"https:\/\/minutadoposla.com\/en\/wp-json\/wp\/v2\/product_brand?post=3370"},{"taxonomy":"product_cat","embeddable":true,"href":"https:\/\/minutadoposla.com\/en\/wp-json\/wp\/v2\/product_cat?post=3370"},{"taxonomy":"product_tag","embeddable":true,"href":"https:\/\/minutadoposla.com\/en\/wp-json\/wp\/v2\/product_tag?post=3370"}],"curies":[{"name":"wp","href":"https:\/\/api.w.org\/{rel}","templated":true}]}}