{"id":4768,"date":"2025-11-03T16:47:54","date_gmt":"2025-11-03T16:47:54","guid":{"rendered":"https:\/\/minutadoposla.com\/?post_type=product&#038;p=4768"},"modified":"2025-11-03T16:47:54","modified_gmt":"2025-11-03T16:47:54","slug":"levelup7-trening-za-promjenu-karijere","status":"publish","type":"product","link":"https:\/\/minutadoposla.com\/en\/product\/levelup7-trening-za-promjenu-karijere\/","title":{"rendered":"LevelUp7 trening za promjenu karijere"},"content":{"rendered":"<p style=\"text-align: left;\" data-start=\"736\" data-end=\"960\">LevelUp7 je dokazano jednostavan sistem koji koristi neuronauku i marketing principe da ti pomogne da otkrije\u0161 \u0161ta zapravo \u017eeli\u0161 da radi\u0161 i kako da to postigne\u0161, bez gubljenja vremena na kurseve i skupe kou\u010deve.<\/p>\n<p data-start=\"962\" data-end=\"972\">","protected":false},"excerpt":{"rendered":"<p>LevelUp7 je dokazano jednostavan sistem koji koristi neuronauku i marketing principe da ti pomogne da otkrije\u0161 \u0161ta zapravo \u017eeli\u0161 da radi\u0161 i kako da to postigne\u0161, bez gubljenja vremena na kurseve i skupe kou\u010deve.<\/p>","protected":false},"featured_media":4704,"comment_status":"open","ping_status":"closed","template":"","meta":{"inline_featured_image":false,"order-bump-settings":[],"_wpfnl_thankyou_order_overview":"on","_wpfnl_thankyou_order_details":"on","_wpfnl_thankyou_billing_details":"on","_wpfnl_thankyou_shipping_details":"on"},"product_brand":[],"product_cat":[40],"product_tag":[69,70],"class_list":{"0":"post-4768","1":"product","2":"type-product","3":"status-publish","4":"has-post-thumbnail","6":"product_cat-uncategorized","7":"product_tag-levelup7","8":"product_tag-promjena-karijere","10":"first","11":"instock","12":"product-type-external"},"jetpack_sharing_enabled":true,"_links":{"self":[{"href":"https:\/\/minutadoposla.com\/en\/wp-json\/wp\/v2\/product\/4768","targetHints":{"allow":["GET"]}}],"collection":[{"href":"https:\/\/minutadoposla.com\/en\/wp-json\/wp\/v2\/product"}],"about":[{"href":"https:\/\/minutadoposla.com\/en\/wp-json\/wp\/v2\/types\/product"}],"replies":[{"embeddable":true,"href":"https:\/\/minutadoposla.com\/en\/wp-json\/wp\/v2\/comments?post=4768"}],"wp:featuredmedia":[{"embeddable":true,"href":"https:\/\/minutadoposla.com\/en\/wp-json\/wp\/v2\/media\/4704"}],"wp:attachment":[{"href":"https:\/\/minutadoposla.com\/en\/wp-json\/wp\/v2\/media?parent=4768"}],"wp:term":[{"taxonomy":"product_brand","embeddable":true,"href":"https:\/\/minutadoposla.com\/en\/wp-json\/wp\/v2\/product_brand?post=4768"},{"taxonomy":"product_cat","embeddable":true,"href":"https:\/\/minutadoposla.com\/en\/wp-json\/wp\/v2\/product_cat?post=4768"},{"taxonomy":"product_tag","embeddable":true,"href":"https:\/\/minutadoposla.com\/en\/wp-json\/wp\/v2\/product_tag?post=4768"}],"curies":[{"name":"wp","href":"https:\/\/api.w.org\/{rel}","templated":true}]}}